{"id":117,"date":"2016-05-24T11:32:35","date_gmt":"2016-05-24T11:32:35","guid":{"rendered":"http:\/\/madamebulgaria.com\/?page_id=117"},"modified":"2017-12-13T15:27:48","modified_gmt":"2017-12-13T12:27:48","slug":"informacion-util","status":"publish","type":"page","link":"https:\/\/madamebulgaria.com\/es\/informacion-util\/","title":{"rendered":"Informaci\u00f3n \u00fatil"},"content":{"rendered":"<p><span style=\"color: #333333;\"><img loading=\"lazy\" decoding=\"async\" class=\"aligncenter size-full wp-image-8935 lazyload\" src=\"data:image\/gif;base64,R0lGODlhAQABAAAAACH5BAEKAAEALAAAAAABAAEAAAICTAEAOw==\" data-src=\"http:\/\/madamebulgaria.com\/wp-content\/uploads\/2016\/05\/Capture-d\u2019\u00e9cran-2017-05-24-\u00e0-12.44.17.png\" alt=\"\" width=\"1180\" height=\"240\" data-sizes=\"auto\" data-srcset=\"https:\/\/madamebulgaria.com\/wp-content\/uploads\/2016\/05\/Capture-d\u2019\u00e9cran-2017-05-24-\u00e0-12.44.17.png 1180w, https:\/\/madamebulgaria.com\/wp-content\/uploads\/2016\/05\/Capture-d\u2019\u00e9cran-2017-05-24-\u00e0-12.44.17-300x61.png 300w, https:\/\/madamebulgaria.com\/wp-content\/uploads\/2016\/05\/Capture-d\u2019\u00e9cran-2017-05-24-\u00e0-12.44.17-768x156.png 768w, https:\/\/madamebulgaria.com\/wp-content\/uploads\/2016\/05\/Capture-d\u2019\u00e9cran-2017-05-24-\u00e0-12.44.17-1024x208.png 1024w, https:\/\/madamebulgaria.com\/wp-content\/uploads\/2016\/05\/Capture-d\u2019\u00e9cran-2017-05-24-\u00e0-12.44.17-600x122.png 600w\" sizes=\"auto, (max-width: 1180px) 100vw, 1180px\" \/><\/span><\/p>\n<h4><span style=\"color: #333333;\">Esta p\u00e1gina est\u00e1 dedicada a los viajeros que piensan venir a visitar Bulgaria. Puede ayudarle a causar su primera impresi\u00f3n y le dir\u00e1 lo que necesita saber para pasar los mejores momentos en Bulgaria. <\/span><span style=\"color: #333333;\">S\u00cd Bulgaria es un pa\u00eds muy bonito y ser\u00eda una pena perd\u00e9rselo.<\/span><\/h4>\n<p id=\"costs\" style=\"text-align: left; padding-left: 30px;\"><em><span style=\"color: #2dafa0;\">\u00a0<span style=\"color: #fc5d5d;\">\u2192 \u00a0<a style=\"color: #fc5d5d;\" href=\"http:\/\/madamebulgaria.com\/es\/?page_id=258\">Venir a Bulgaria\u00a0<\/a><\/span><\/span><\/em><\/p>\n<p style=\"text-align: left; padding-left: 30px;\"><span style=\"color: #fc5d5d;\"><em>\u00a0\u2192 <a href=\"http:\/\/madamebulgaria.com\/es\/informacion-util\/mejor-momento-para-ir\/\">\u00a0<span style=\"color: #fc5d5d;\">Mejor momento para ir<\/span>\u00a0<\/a><\/em><\/span><\/p>\n<p style=\"text-align: left; padding-left: 30px;\"><span style=\"color: #fc5d5d;\"><em>\u00a0\u2192 \u00a0<a style=\"color: #fc5d5d;\" href=\"http:\/\/wp.me\/P7BHmL-40\">Transporte<\/a><\/em><\/span><\/p>\n<p style=\"text-align: left; padding-left: 30px;\"><span style=\"color: #fc5d5d;\"><em>\u00a0\u2192 \u00a0<a style=\"color: #fc5d5d;\" href=\"http:\/\/wp.me\/P7BHmL-3X\">Alojamiento<\/a><\/em><\/span><\/p>\n<p style=\"text-align: left; padding-left: 30px;\"><span style=\"color: #fc5d5d;\"><em>\u00a0\u2192 \u00a0<a style=\"color: #fc5d5d;\" href=\"http:\/\/wp.me\/P7BHmL-3U\">Cambiar dinero<\/a><\/em><\/span><\/p>\n<p style=\"text-align: left; padding-left: 270px;\"><span style=\"color: #fc5d5d;\"><em>\u00a0<\/em><\/span><\/p>\n<p style=\"text-align: left; padding-left: 270px;\"><span style=\"color: #fc5d5d;\"><em>\u00a0<\/em><\/span><\/p>\n<p style=\"text-align: left; padding-left: 270px;\">","protected":false},"excerpt":{"rendered":"<p>Esta p\u00e1gina est\u00e1 dedicada a los viajeros que piensan venir a visitar Bulgaria. Puede ayudarle a causar su primera impresi\u00f3n y le dir\u00e1 lo que necesita saber para pasar los mejores momentos en Bulgaria. \u00a1S\u00cd ! Bulgaria es un pa\u00eds muy bonito y ser\u00eda una pena...<\/p>","protected":false},"author":1,"featured_media":0,"parent":0,"menu_order":1,"comment_status":"closed","ping_status":"closed","template":"page-default.php","meta":{"footnotes":""},"class_list":["post-117","page","type-page","status-publish","hentry"],"yoast_head":"<!-- This site is optimized with the Yoast SEO plugin v27.1.1 - https:\/\/yoast.com\/product\/yoast-seo-wordpress\/ -->\n<title>Useful Info &#8211; Madame Bulgaria<\/title>\n<meta name=\"robots\" content=\"index, follow, max-snippet:-1, max-image-preview:large, max-video-preview:-1\" \/>\n<link rel=\"canonical\" href=\"https:\/\/madamebulgaria.com\/es\/informacion-util\/\" \/>\n<meta property=\"og:locale\" content=\"es_ES\" \/>\n<meta property=\"og:type\" content=\"article\" \/>\n<meta property=\"og:title\" content=\"Useful Info &#8211; Madame Bulgaria\" \/>\n<meta property=\"og:description\" content=\"This page is dedicated for travels who are thinking to come to visit Bulgaria. It can help you to make your first impression and it will tell you what you need to know in order to have the best moments in Bulgaria. YES ! Bulgaria is a very beautiful country and it would be pity&hellip;\" \/>\n<meta property=\"og:url\" content=\"https:\/\/madamebulgaria.com\/es\/informacion-util\/\" \/>\n<meta property=\"og:site_name\" content=\"Madame Bulgaria\" \/>\n<meta property=\"article:publisher\" content=\"https:\/\/www.facebook.com\/madamebulgaria\/?fref=ts\" \/>\n<meta property=\"article:modified_time\" content=\"2017-12-13T12:27:48+00:00\" \/>\n<meta property=\"og:image\" content=\"https:\/\/madamebulgaria.com\/wp-content\/uploads\/2017\/03\/MB-logo-final-2-1.png\" \/>\n\t<meta property=\"og:image:width\" content=\"1200\" \/>\n\t<meta property=\"og:image:height\" content=\"750\" \/>\n\t<meta property=\"og:image:type\" content=\"image\/png\" \/>\n<meta name=\"twitter:card\" content=\"summary_large_image\" \/>\n<meta name=\"twitter:site\" content=\"@madamebulgaria\" \/>\n<script type=\"application\/ld+json\" class=\"yoast-schema-graph\">{\"@context\":\"https:\/\/schema.org\",\"@graph\":[{\"@type\":\"WebPage\",\"@id\":\"https:\/\/madamebulgaria.com\/useful-info\/\",\"url\":\"https:\/\/madamebulgaria.com\/useful-info\/\",\"name\":\"Useful Info &#8211; Madame Bulgaria\",\"isPartOf\":{\"@id\":\"https:\/\/madamebulgaria.com\/#website\"},\"datePublished\":\"2016-05-24T11:32:35+00:00\",\"dateModified\":\"2017-12-13T12:27:48+00:00\",\"breadcrumb\":{\"@id\":\"https:\/\/madamebulgaria.com\/useful-info\/#breadcrumb\"},\"inLanguage\":\"es\",\"potentialAction\":[{\"@type\":\"ReadAction\",\"target\":[\"https:\/\/madamebulgaria.com\/useful-info\/\"]}]},{\"@type\":\"BreadcrumbList\",\"@id\":\"https:\/\/madamebulgaria.com\/useful-info\/#breadcrumb\",\"itemListElement\":[{\"@type\":\"ListItem\",\"position\":1,\"name\":\"Accueil\",\"item\":\"https:\/\/madamebulgaria.com\/\"},{\"@type\":\"ListItem\",\"position\":2,\"name\":\"Useful Info\"}]},{\"@type\":\"WebSite\",\"@id\":\"https:\/\/madamebulgaria.com\/#website\",\"url\":\"https:\/\/madamebulgaria.com\/\",\"name\":\"Madame Bulgaria\",\"description\":\"Lifestyle, Culture, Food, More of Bulgaria\",\"publisher\":{\"@id\":\"https:\/\/madamebulgaria.com\/#organization\"},\"potentialAction\":[{\"@type\":\"SearchAction\",\"target\":{\"@type\":\"EntryPoint\",\"urlTemplate\":\"https:\/\/madamebulgaria.com\/?s={search_term_string}\"},\"query-input\":{\"@type\":\"PropertyValueSpecification\",\"valueRequired\":true,\"valueName\":\"search_term_string\"}}],\"inLanguage\":\"es\"},{\"@type\":\"Organization\",\"@id\":\"https:\/\/madamebulgaria.com\/#organization\",\"name\":\"Madame Bulgaria\",\"url\":\"https:\/\/madamebulgaria.com\/\",\"logo\":{\"@type\":\"ImageObject\",\"inLanguage\":\"es\",\"@id\":\"https:\/\/madamebulgaria.com\/#\/schema\/logo\/image\/\",\"url\":\"https:\/\/madamebulgaria.com\/wp-content\/uploads\/2017\/03\/MB-logo-final-2-3-e1513170700381-1.png\",\"contentUrl\":\"https:\/\/madamebulgaria.com\/wp-content\/uploads\/2017\/03\/MB-logo-final-2-3-e1513170700381-1.png\",\"width\":800,\"height\":500,\"caption\":\"Madame Bulgaria\"},\"image\":{\"@id\":\"https:\/\/madamebulgaria.com\/#\/schema\/logo\/image\/\"},\"sameAs\":[\"https:\/\/www.facebook.com\/madamebulgaria\/?fref=ts\",\"https:\/\/x.com\/madamebulgaria\",\"https:\/\/www.instagram.com\/madamebulgaria\/?hl=fr\",\"https:\/\/www.linkedin.com\/company\/madame-bulgaria\/\",\"https:\/\/www.youtube.com\/channel\/UCi6lmnQoBJkA-eJ4ijysIog\"]}]}<\/script>\n<!-- \/ Yoast SEO plugin. -->","yoast_head_json":{"title":"Informaci\u00f3n \u00fatil - Madame Bulgaria","robots":{"index":"index","follow":"follow","max-snippet":"max-snippet:-1","max-image-preview":"max-image-preview:large","max-video-preview":"max-video-preview:-1"},"canonical":"https:\/\/madamebulgaria.com\/es\/informacion-util\/","og_locale":"es_ES","og_type":"article","og_title":"Useful Info &#8211; Madame Bulgaria","og_description":"This page is dedicated for travels who are thinking to come to visit Bulgaria. It can help you to make your first impression and it will tell you what you need to know in order to have the best moments in Bulgaria. YES ! Bulgaria is a very beautiful country and it would be pity&hellip;","og_url":"https:\/\/madamebulgaria.com\/es\/informacion-util\/","og_site_name":"Madame Bulgaria","article_publisher":"https:\/\/www.facebook.com\/madamebulgaria\/?fref=ts","article_modified_time":"2017-12-13T12:27:48+00:00","og_image":[{"width":1200,"height":750,"url":"https:\/\/madamebulgaria.com\/wp-content\/uploads\/2017\/03\/MB-logo-final-2-1.png","type":"image\/png"}],"twitter_card":"summary_large_image","twitter_site":"@madamebulgaria","schema":{"@context":"https:\/\/schema.org","@graph":[{"@type":"WebPage","@id":"https:\/\/madamebulgaria.com\/useful-info\/","url":"https:\/\/madamebulgaria.com\/useful-info\/","name":"Informaci\u00f3n \u00fatil - Madame Bulgaria","isPartOf":{"@id":"https:\/\/madamebulgaria.com\/#website"},"datePublished":"2016-05-24T11:32:35+00:00","dateModified":"2017-12-13T12:27:48+00:00","breadcrumb":{"@id":"https:\/\/madamebulgaria.com\/useful-info\/#breadcrumb"},"inLanguage":"es","potentialAction":[{"@type":"ReadAction","target":["https:\/\/madamebulgaria.com\/useful-info\/"]}]},{"@type":"BreadcrumbList","@id":"https:\/\/madamebulgaria.com\/useful-info\/#breadcrumb","itemListElement":[{"@type":"ListItem","position":1,"name":"Accueil","item":"https:\/\/madamebulgaria.com\/"},{"@type":"ListItem","position":2,"name":"Useful Info"}]},{"@type":"WebSite","@id":"https:\/\/madamebulgaria.com\/#website","url":"https:\/\/madamebulgaria.com\/","name":"Se\u00f1ora Bulgaria","description":"Estilo de vida, Cultura, Gastronom\u00eda, M\u00e1s de Bulgaria","publisher":{"@id":"https:\/\/madamebulgaria.com\/#organization"},"potentialAction":[{"@type":"SearchAction","target":{"@type":"EntryPoint","urlTemplate":"https:\/\/madamebulgaria.com\/?s={search_term_string}"},"query-input":{"@type":"PropertyValueSpecification","valueRequired":true,"valueName":"search_term_string"}}],"inLanguage":"es"},{"@type":"Organization","@id":"https:\/\/madamebulgaria.com\/#organization","name":"Se\u00f1ora Bulgaria","url":"https:\/\/madamebulgaria.com\/","logo":{"@type":"ImageObject","inLanguage":"es","@id":"https:\/\/madamebulgaria.com\/#\/schema\/logo\/image\/","url":"https:\/\/madamebulgaria.com\/wp-content\/uploads\/2017\/03\/MB-logo-final-2-3-e1513170700381-1.png","contentUrl":"https:\/\/madamebulgaria.com\/wp-content\/uploads\/2017\/03\/MB-logo-final-2-3-e1513170700381-1.png","width":800,"height":500,"caption":"Madame Bulgaria"},"image":{"@id":"https:\/\/madamebulgaria.com\/#\/schema\/logo\/image\/"},"sameAs":["https:\/\/www.facebook.com\/madamebulgaria\/?fref=ts","https:\/\/x.com\/madamebulgaria","https:\/\/www.instagram.com\/madamebulgaria\/?hl=fr","https:\/\/www.linkedin.com\/company\/madame-bulgaria\/","https:\/\/www.youtube.com\/channel\/UCi6lmnQoBJkA-eJ4ijysIog"]}]}},"_links":{"self":[{"href":"https:\/\/madamebulgaria.com\/es\/wp-json\/wp\/v2\/pages\/117","targetHints":{"allow":["GET"]}}],"collection":[{"href":"https:\/\/madamebulgaria.com\/es\/wp-json\/wp\/v2\/pages"}],"about":[{"href":"https:\/\/madamebulgaria.com\/es\/wp-json\/wp\/v2\/types\/page"}],"author":[{"embeddable":true,"href":"https:\/\/madamebulgaria.com\/es\/wp-json\/wp\/v2\/users\/1"}],"replies":[{"embeddable":true,"href":"https:\/\/madamebulgaria.com\/es\/wp-json\/wp\/v2\/comments?post=117"}],"version-history":[{"count":0,"href":"https:\/\/madamebulgaria.com\/es\/wp-json\/wp\/v2\/pages\/117\/revisions"}],"wp:attachment":[{"href":"https:\/\/madamebulgaria.com\/es\/wp-json\/wp\/v2\/media?parent=117"}],"curies":[{"name":"wp","href":"https:\/\/api.w.org\/{rel}","templated":true}]}}