{"id":258,"date":"2016-05-25T17:54:01","date_gmt":"2016-05-25T17:54:01","guid":{"rendered":"http:\/\/madamebulgaria.com\/?page_id=258"},"modified":"2017-05-24T13:44:12","modified_gmt":"2017-05-24T10:44:12","slug":"viajar-a-bulgaria","status":"publish","type":"page","link":"https:\/\/madamebulgaria.com\/es\/informacion-util\/viajar-a-bulgaria\/","title":{"rendered":"Venir a Bulgaria"},"content":{"rendered":"<h4><span style=\"color: #000000;\"><img loading=\"lazy\" decoding=\"async\" class=\"aligncenter size-full wp-image-8909 lazyload\" src=\"data:image\/gif;base64,R0lGODlhAQABAAAAACH5BAEKAAEALAAAAAABAAEAAAICTAEAOw==\" data-src=\"http:\/\/madamebulgaria.com\/wp-content\/uploads\/2016\/05\/Capture-d\u2019\u00e9cran-2017-05-24-\u00e0-10.12.00.png\" alt=\"\" width=\"1168\" height=\"200\" data-sizes=\"auto\" data-srcset=\"https:\/\/madamebulgaria.com\/wp-content\/uploads\/2016\/05\/Capture-d\u2019\u00e9cran-2017-05-24-\u00e0-10.12.00.png 1168w, https:\/\/madamebulgaria.com\/wp-content\/uploads\/2016\/05\/Capture-d\u2019\u00e9cran-2017-05-24-\u00e0-10.12.00-300x51.png 300w, https:\/\/madamebulgaria.com\/wp-content\/uploads\/2016\/05\/Capture-d\u2019\u00e9cran-2017-05-24-\u00e0-10.12.00-768x132.png 768w, https:\/\/madamebulgaria.com\/wp-content\/uploads\/2016\/05\/Capture-d\u2019\u00e9cran-2017-05-24-\u00e0-10.12.00-1024x175.png 1024w, https:\/\/madamebulgaria.com\/wp-content\/uploads\/2016\/05\/Capture-d\u2019\u00e9cran-2017-05-24-\u00e0-10.12.00-600x103.png 600w\" sizes=\"auto, (max-width: 1168px) 100vw, 1168px\" \/><\/span><\/h4>\n<h4><span style=\"color: #333333;\">Hay dos formas principales de llegar a Bulgaria: en avi\u00f3n o por carretera. \u00bfNo te gusta volar o conducir y quieres probar otra forma de venir? Tambi\u00e9n puede venir en autob\u00fas o en tren. Te contamos m\u00e1s sobre cada una de ellas.\u00a0<\/span><\/h4>\n<p>&nbsp;<\/p>\n<h3 style=\"text-align: justify;\"><span style=\"color: #fc5d5d;\">Viajar a Bulgaria en avi\u00f3n<\/span><\/h3>\n<p><span style=\"color: #333333;\"><span lang=\"en\">El avi\u00f3n es sin duda la forma m\u00e1s f\u00e1cil de viajar a Bulgaria, no es muy caro y es m\u00e1s r\u00e1pido.\u00a0<\/span><span lang=\"en\">En Bulgaria operan las principales compa\u00f1\u00edas a\u00e9reas: Bulgaria Air, Air France, Austrian, British Airways, Lufthansa, CSA, Alitalia, etc., con varios vuelos diarios principalmente hacia Sof\u00eda, la capital b\u00falgara. <\/span><\/span><\/p>\n<p><span style=\"color: #333333;\"><span lang=\"en\">Desde fuera de Europa, depende del pa\u00eds de procedencia.\u00a0<\/span>Hay vuelos directos diarios desde la mayor\u00eda de las capitales europeas y los principales aeropuertos europeos, as\u00ed como desde varios destinos de Oriente Pr\u00f3ximo. No hay vuelos directos desde Norteam\u00e9rica y la mayor parte de Asia. En Bulgaria hay <strong>5 aeropuertos principales : Sof\u00eda - Plovdiv - Varna - Burgas y Rousse<\/strong>. El m\u00e1s grande es <a style=\"color: #333333;\" href=\"https:\/\/www.sofia-airport.bg\/en\/passengers\">Aeropuerto Internacional de Sof\u00eda<\/a>\u00a0(Terminal 1 y 2).\u00a0<\/span><\/p>\n<p><span style=\"color: #333333;\"><span lang=\"en\">Le hablaremos s\u00f3lo de las compa\u00f1\u00edas a\u00e9reas m\u00e1s interesantes seg\u00fan precios y duraci\u00f3n de los vuelos (vuelo directo con servicio sin escalas desde y hacia Sof\u00eda). En cuanto a los precios, ten en cuenta que los periodos punta incluyen de Navidad a principios de enero y los meses de verano.\u00a0<\/span><\/span><\/p>\n<h4 style=\"text-align: justify;\"><span style=\"color: #fc5d5d;\">Desde Europa :\u00a0<\/span><\/h4>\n<p><span style=\"color: #333333;\">Desde Europa, varias compa\u00f1\u00edas a\u00e9reas ofrecen vuelos directos a Sof\u00eda desde las principales ciudades: <a style=\"color: #333333; text-decoration: underline;\" href=\"https:\/\/www.air.bg\/en\/\">Bulgaria Air<\/a>,Air France, Lufthansa, Austrian, CSA, Alitalia, British Airways, Swiss Air Serbia, KLM, Turkish Airlines, LOT, Air Berlin, etc.<\/span><\/p>\n<p><span style=\"color: #333333;\"><strong><a style=\"color: #333333;\" href=\"https:\/\/www.air.bg\/en\/\"><span style=\"text-decoration: underline;\"><em>Bulgaria Air<\/em><\/span><\/a><\/strong>\u00a0es la compa\u00f1\u00eda a\u00e9rea nacional b\u00falgara. En\u00a0<span lang=\"en\">conecta la mayor\u00eda de los pa\u00edses europeos con Bulgaria (aeropuerto internacional de Sof\u00eda, terminal 2). El viaje de ida y vuelta cuesta <strong>entre 150 y 600<\/strong> seg\u00fan la temporada. Le sugerimos que compre\u00a0<\/span><span lang=\"en\">sus billetes con antelaci\u00f3n para obtener los mejores precios. Todos los vuelos incluyen un aperitivo, un equipaje de mano (1 pieza - hasta 10kg con dimensiones : 55x40x23cm max)\u00a0<\/span>y un equipaje facturado (1 pieza - hasta 23kg) y otras opciones permitidas con un cargo de 50\u20ac (cambio de fecha, etc.).\u00a0<em style=\"color: #000000;\"><a style=\"color: #333333;\" href=\"https:\/\/www.air.bg\/en\/\">Haga clic aqu\u00ed para reservar un vuelo.<\/a>\u00a0<\/em>Desde la terminal 2 del aeropuerto Sofi, es f\u00e1cil llegar al centro en taxi o en metro directamente desde la terminal.\u00a0<\/span><\/p>\n<p><span style=\"color: #333333;\">Tambi\u00e9n hay aerol\u00edneas de bajo coste - <strong>Wizzair, Ryanair y Easyjet -<\/strong> que llegan a Sof\u00eda y otras ciudades b\u00falgaras (principalmente Plovidv y Varna).\u00a0<span lang=\"en\">Estas otras tres aerol\u00edneas conectan las mismas ciudades y otras m\u00e1s peque\u00f1as desde las que las compa\u00f1\u00edas \u201cnormales\u201d no operan vuelos. Los costes de ida y vuelta entre <strong>30 y 200<\/strong> seg\u00fan la temporada. En general, julio, agosto y diciembre son los meses m\u00e1s caros (200 euros). Puedes encontrar vuelos a Bulgaria de septiembre a junio por solo 30\u20ac.\u00a0<\/span><\/span><\/p>\n<p><span style=\"color: #333333;\"><strong>Desde Francia<\/strong>, puede coger un billete de bajo coste con\u00a0<em>Wizzair\u00a0<\/em>de\u00a0<strong>Par\u00eds-Beauvais<\/strong> aeropuerto (a 87 km de Par\u00eds) y\u00a0<strong>Mulhouse<\/strong> por ejemplo. Hay tres vuelos directos por semana y dura 2h50. Para las personas que viven en el norte de Francia (Lille, Douai, Lens, Valenciennes, etc.), podr\u00eda ser m\u00e1s interesante reservar un vuelo con Wizzair desde <strong>Bruselas-Charleroi<\/strong> que desde el aeropuerto de Par\u00eds-Beauvais. Desde Rh\u00f4ne-Alpes, en lugar de volar desde Lyon con Air France, Alitalia o Lufthansa, por ejemplo, con un punto de conexi\u00f3n en su hub, puede ser mejor volar desde el aeropuerto de Ginebra con Wizzair. Hay tres vuelos a la semana (no todos los d\u00edas), pero est\u00e1 m\u00e1s cerca y los precios pueden ser muy atractivos. Para aparcar en el aeropuerto de Bruxelles-Charleroi, tengo una buena direcci\u00f3n, segura y barata. Sol\u00eda reservar en este sitio cuando viajaba mucho entre Lille y Sof\u00eda. Por ejemplo, 8 d\u00edas de aparcamiento = 48 euros &gt;&gt; <a style=\"color: #333333;\" href=\"http:\/\/www.parkingroger.be\">haga clic en\u00a0<em>aqu\u00ed<\/em><\/a>.<\/span><\/p>\n<p><span lang=\"en\" style=\"color: #333333;\">La mayor\u00eda de los vuelos a <strong>Aeropuerto de Varna<\/strong> por el Mar Negro har\u00e1n escala en Sof\u00eda, salvo en verano, cuando es posible encontrar vuelos ch\u00e1rter o de temporada. Puede consultar las mismas compa\u00f1\u00edas para encontrar un vuelo. Empezando por <strong>Octubre de 2017<\/strong>, <a style=\"color: #333333;\" href=\"https:\/\/www.ryanair.com\/gb\/en\/\"><strong>Ryanair<\/strong><\/a> ofrecer\u00e1 vuelos directos de Charleroi a Varna (sin escalas a Sof\u00eda).\u00a0<\/span><\/p>\n<h4 class=\"tw-data-text vk_txt tw-ta tw-text-medium\" dir=\"ltr\" style=\"text-align: justify;\" data-placeholder=\"Traduction\"><span style=\"color: #fc5d5d;\">Desde Rusia :<\/span><\/h4>\n<p><span style=\"color: #333333;\">Bulgaria Air conecta Mosc\u00fa con el aeropuerto de Sof\u00eda (con vuelos directos) y con el aeropuerto de Varna, con escala de una hora en el aeropuerto de Sof\u00eda. Desde San Petersburgo, Turkish Airlines, Air Serbia, Austrian, Aeroflot y Lot Polish Airlines son las principales aerol\u00edneas para ir a Bulgaria, <strong>s\u00f3lo con stop.<\/strong><\/span><\/p>\n<h4 style=\"text-align: justify;\"><span style=\"color: #fc5d5d;\">Desde Estados Unidos :<\/span><\/h4>\n<p><span style=\"color: #333333;\">Los vuelos no son directos (\u00a1todav\u00eda!). Desde Nueva York, Bulgaria Air, Air France KLM, Brussels Airlines, Air Berlin y Aeroflot son las aerol\u00edneas que van a Bulgaria (Sof\u00eda). Desde otras ciudades de EE.UU., United, Lufthansa, Turkish Airlines, KLM, Alitalia y Austrian son las principales aerol\u00edneas que van a Bulgaria.<\/span><\/p>\n<h4 style=\"text-align: justify;\"><span style=\"color: #fc5d5d;\">Desde Canad\u00e1 :<\/span><\/h4>\n<p><span style=\"color: #333333;\">Desde Montreal, Qu\u00e9bec o Vancouver, Air Canada y Lufthansa son las mejores compa\u00f1\u00edas para ir a Bulgaria (1\/2 escala).<\/span><\/p>\n<h4 style=\"text-align: justify;\"><span style=\"color: #fc5d5d;\">Desde Australia :<\/span><\/h4>\n<p><span style=\"color: #333333;\">Desde Melbourne o Sydney, KLM, Lufthansa y Jet son las aerol\u00edneas que van a Bulgaria (1\/2 escalas).<\/span><\/p>\n<p>&nbsp;<\/p>\n<h3 style=\"text-align: justify;\"><span style=\"color: #fc5d5d;\">Viajar a Bulgaria en coche\u00a0<\/span><\/h3>\n<p><span style=\"color: #333333;\">Claro que el viaje en coche ser\u00e1 m\u00e1s largo que en avi\u00f3n (s\u00f3lo 30 horas... desde Francia, por ejemplo), pero sigue siendo mejor que no venir a Bulgaria. Hicimos un viaje en coche hace dos a\u00f1os, en verano. Aunque fue muy largo, descubr\u00ed muchos lugares bonitos por el camino y atraves\u00e9 muchos pa\u00edses interesantes aparte de Francia (Alemania, Austria, Serbia, Eslovenia y Croacia).\u00a0<\/span><\/p>\n<p><span style=\"color: #333333;\">Seg\u00fan de donde salgas, puede ser muy caro (ej : de Par\u00eds a Sof\u00eda, autopista &gt;&gt; 2270km + gasolina\/diesel = 500\u20ac). Puede ser un viaje muy interesante si tienes tiempo para pasar 2 d\u00edas en la carretera y la motivaci\u00f3n. Tambi\u00e9n es importante tener un coche c\u00f3modo con aire acondicionado (sobre todo en verano, cuando hay que esperar largas horas en la cola de las fronteras).\u00a0<\/span><\/p>\n<p><span style=\"color: #333333;\">Para organizar su viaje en coche, consulte\u00a0<strong><a style=\"color: #333333;\" href=\"http:\/\/www.viamichelin.fr\">www.viamichelin.fr<\/a><\/strong><\/span><\/p>\n<p><span lang=\"en\" style=\"color: #333333;\">Atenci\u00f3n : Para utilizar las autopistas austriacas, eslovenas y h\u00fangaras, debes comprar un adhesivo para pegar en el parabrisas de tu coche. Puedes comprarla en la frontera o en una gasolinera.<\/span><\/p>\n<p>&nbsp;<\/p>\n<h3><span style=\"color: #fc5d5d;\">Viajar a Bulgaria en autob\u00fas o tren\u00a0<\/span><\/h3>\n<p><span style=\"color: #333333;\">En autob\u00fas, el precio de un viaje de ida y vuelta desde un pa\u00eds europeo es de unos 2,5 euros. <strong>150-200\u20ac<\/strong> con <strong><span style=\"text-decoration: underline;\"><a style=\"color: #333333; text-decoration: underline;\" href=\"http:\/\/www.eurolines.fr\/en\/\">Compa\u00f1\u00eda de autobuses Eurolines<\/a><\/span><\/strong><strong>.<\/strong>\u00a0Hay dos salidas por semana. <\/span><\/p>\n<p><span style=\"color: #333333;\">Desde Francia (Par\u00eds), es los lunes y viernes, a las 8:00 h y se llega un d\u00eda despu\u00e9s, a las 21:00 h (hora local b\u00falgara - +1h). Es decir, un viaje estimado de 37 horas. El autob\u00fas pasa por Alemania, Austria, Eslovenia, Hungr\u00eda y Serbia. <\/span><span style=\"color: #333333;\">El trayecto en coche es aproximadamente el mismo. Algunas salidas de la provincia : Reims, Metz y Estrasburgo.<\/span><\/p>\n<p><span style=\"color: #333333;\">En tren, puede encontrar trenes a Sof\u00eda desde algunas capitales europeas (<a style=\"color: #333333;\" href=\"http:\/\/www.seat61.fr\/Paris-Sofia-Bulgarie-en-train.htm\"><em>consulte este enlace en franc\u00e9s para viajar de Par\u00eds a Sof\u00eda<\/em><\/a>). Desde Francia, el viaje dura unas 35 horas. No es un trayecto directo, y hay que hacer dos transbordos en Fr\u00e1ncfort y Viena. En Bulgaria, puede seguir utilizando el tren durante el viaje con el <strong>SNCF<\/strong> empresa y su <strong>2 pase interrail <\/strong>: <span style=\"text-decoration: underline;\"><a style=\"text-decoration: underline; color: #333333;\" href=\"http:\/\/www.interrail.eu\"><em>Pase de un pa\u00eds<\/em><\/a><\/span> o <span style=\"text-decoration: underline;\"><a style=\"color: #333333; text-decoration: underline;\" href=\"http:\/\/www.interrail.eu\"><em>Pase Global<\/em><\/a><em style=\"color: #fc5d5d; text-decoration: underline;\"><a style=\"color: #333333; text-decoration: underline;\" href=\"http:\/\/www.interrail.eu\">.<\/a>\u00a0<\/em><\/span>Para organizar su viaje en tren, consulte\u00a0<em><span style=\"text-decoration: underline;\"><a style=\"color: #333333; text-decoration: underline;\" href=\"http:\/\/www.voyages-sncf.com\">www.voyages-sncf.<\/a>com.<\/span><\/em><\/span><\/p>\n<p>&nbsp;<\/p>\n<p>&nbsp;<\/p>\n<p>&nbsp;<\/p>","protected":false},"excerpt":{"rendered":"<p>Hay dos formas principales de llegar a Bulgaria: en avi\u00f3n o por carretera. \u00bfNo te gusta volar o conducir y quieres probar otra forma de venir? Tambi\u00e9n puede venir en autob\u00fas o en tren. Te contamos m\u00e1s sobre cada una de ellas.    Viajar a Bulgaria en avi\u00f3n Volar es sin duda la...<\/p>","protected":false},"author":1,"featured_media":7673,"parent":117,"menu_order":1,"comment_status":"closed","ping_status":"closed","template":"page-default.php","meta":{"footnotes":""},"class_list":["post-258","page","type-page","status-publish","has-post-thumbnail","hentry"],"yoast_head":"<!-- This site is optimized with the Yoast SEO plugin v27.1.1 - https:\/\/yoast.com\/product\/yoast-seo-wordpress\/ -->\n<title>Coming to Bulgaria &#8211; Madame Bulgaria<\/title>\n<meta name=\"robots\" content=\"index, follow, max-snippet:-1, max-image-preview:large, max-video-preview:-1\" \/>\n<link rel=\"canonical\" href=\"https:\/\/madamebulgaria.com\/es\/informacion-util\/viajar-a-bulgaria\/\" \/>\n<meta property=\"og:locale\" content=\"es_ES\" \/>\n<meta property=\"og:type\" content=\"article\" \/>\n<meta property=\"og:title\" content=\"Coming to Bulgaria &#8211; Madame Bulgaria\" \/>\n<meta property=\"og:description\" content=\"There are two main ways to come in Bulgaria : by plane or by road. You\u00a0don&#8217;t like flying or driving and you want to try another way to come ?\u00a0You can\u00a0also come by bus or train. Let us tell you more about each of them.\u00a0 &nbsp; Travelling to Bulgaria by plane Flying is definitely the&hellip;\" \/>\n<meta property=\"og:url\" content=\"https:\/\/madamebulgaria.com\/es\/informacion-util\/viajar-a-bulgaria\/\" \/>\n<meta property=\"og:site_name\" content=\"Madame Bulgaria\" \/>\n<meta property=\"article:publisher\" content=\"https:\/\/www.facebook.com\/madamebulgaria\/?fref=ts\" \/>\n<meta property=\"article:modified_time\" content=\"2017-05-24T10:44:12+00:00\" \/>\n<meta property=\"og:image\" content=\"https:\/\/madamebulgaria.com\/wp-content\/uploads\/2016\/05\/matthew-smith-5934-1024x683.jpg\" \/>\n\t<meta property=\"og:image:width\" content=\"1024\" \/>\n\t<meta property=\"og:image:height\" content=\"683\" \/>\n\t<meta property=\"og:image:type\" content=\"image\/jpeg\" \/>\n<meta name=\"twitter:card\" content=\"summary_large_image\" \/>\n<meta name=\"twitter:site\" content=\"@madamebulgaria\" \/>\n<meta name=\"twitter:label1\" content=\"Tiempo de lectura\" \/>\n\t<meta name=\"twitter:data1\" content=\"6 minutos\" \/>\n<script type=\"application\/ld+json\" class=\"yoast-schema-graph\">{\"@context\":\"https:\/\/schema.org\",\"@graph\":[{\"@type\":\"WebPage\",\"@id\":\"https:\/\/madamebulgaria.com\/useful-info\/travel-to-bulgaria\/\",\"url\":\"https:\/\/madamebulgaria.com\/useful-info\/travel-to-bulgaria\/\",\"name\":\"Coming to Bulgaria &#8211; Madame Bulgaria\",\"isPartOf\":{\"@id\":\"https:\/\/madamebulgaria.com\/#website\"},\"primaryImageOfPage\":{\"@id\":\"https:\/\/madamebulgaria.com\/useful-info\/travel-to-bulgaria\/#primaryimage\"},\"image\":{\"@id\":\"https:\/\/madamebulgaria.com\/useful-info\/travel-to-bulgaria\/#primaryimage\"},\"thumbnailUrl\":\"https:\/\/madamebulgaria.com\/wp-content\/uploads\/2016\/05\/matthew-smith-5934.jpg\",\"datePublished\":\"2016-05-25T17:54:01+00:00\",\"dateModified\":\"2017-05-24T10:44:12+00:00\",\"breadcrumb\":{\"@id\":\"https:\/\/madamebulgaria.com\/useful-info\/travel-to-bulgaria\/#breadcrumb\"},\"inLanguage\":\"es\",\"potentialAction\":[{\"@type\":\"ReadAction\",\"target\":[\"https:\/\/madamebulgaria.com\/useful-info\/travel-to-bulgaria\/\"]}]},{\"@type\":\"ImageObject\",\"inLanguage\":\"es\",\"@id\":\"https:\/\/madamebulgaria.com\/useful-info\/travel-to-bulgaria\/#primaryimage\",\"url\":\"https:\/\/madamebulgaria.com\/wp-content\/uploads\/2016\/05\/matthew-smith-5934.jpg\",\"contentUrl\":\"https:\/\/madamebulgaria.com\/wp-content\/uploads\/2016\/05\/matthew-smith-5934.jpg\",\"width\":2280,\"height\":1520,\"caption\":\"Travel to Bulgaria\"},{\"@type\":\"BreadcrumbList\",\"@id\":\"https:\/\/madamebulgaria.com\/useful-info\/travel-to-bulgaria\/#breadcrumb\",\"itemListElement\":[{\"@type\":\"ListItem\",\"position\":1,\"name\":\"Accueil\",\"item\":\"https:\/\/madamebulgaria.com\/\"},{\"@type\":\"ListItem\",\"position\":2,\"name\":\"Useful Info\",\"item\":\"https:\/\/madamebulgaria.com\/useful-info\/\"},{\"@type\":\"ListItem\",\"position\":3,\"name\":\"Coming to Bulgaria\"}]},{\"@type\":\"WebSite\",\"@id\":\"https:\/\/madamebulgaria.com\/#website\",\"url\":\"https:\/\/madamebulgaria.com\/\",\"name\":\"Madame Bulgaria\",\"description\":\"Lifestyle, Culture, Food, More of Bulgaria\",\"publisher\":{\"@id\":\"https:\/\/madamebulgaria.com\/#organization\"},\"potentialAction\":[{\"@type\":\"SearchAction\",\"target\":{\"@type\":\"EntryPoint\",\"urlTemplate\":\"https:\/\/madamebulgaria.com\/?s={search_term_string}\"},\"query-input\":{\"@type\":\"PropertyValueSpecification\",\"valueRequired\":true,\"valueName\":\"search_term_string\"}}],\"inLanguage\":\"es\"},{\"@type\":\"Organization\",\"@id\":\"https:\/\/madamebulgaria.com\/#organization\",\"name\":\"Madame Bulgaria\",\"url\":\"https:\/\/madamebulgaria.com\/\",\"logo\":{\"@type\":\"ImageObject\",\"inLanguage\":\"es\",\"@id\":\"https:\/\/madamebulgaria.com\/#\/schema\/logo\/image\/\",\"url\":\"https:\/\/madamebulgaria.com\/wp-content\/uploads\/2017\/03\/MB-logo-final-2-3-e1513170700381-1.png\",\"contentUrl\":\"https:\/\/madamebulgaria.com\/wp-content\/uploads\/2017\/03\/MB-logo-final-2-3-e1513170700381-1.png\",\"width\":800,\"height\":500,\"caption\":\"Madame Bulgaria\"},\"image\":{\"@id\":\"https:\/\/madamebulgaria.com\/#\/schema\/logo\/image\/\"},\"sameAs\":[\"https:\/\/www.facebook.com\/madamebulgaria\/?fref=ts\",\"https:\/\/x.com\/madamebulgaria\",\"https:\/\/www.instagram.com\/madamebulgaria\/?hl=fr\",\"https:\/\/www.linkedin.com\/company\/madame-bulgaria\/\",\"https:\/\/www.youtube.com\/channel\/UCi6lmnQoBJkA-eJ4ijysIog\"]}]}<\/script>\n<!-- \/ Yoast SEO plugin. -->","yoast_head_json":{"title":"Venir a Bulgaria - Madame Bulgaria","robots":{"index":"index","follow":"follow","max-snippet":"max-snippet:-1","max-image-preview":"max-image-preview:large","max-video-preview":"max-video-preview:-1"},"canonical":"https:\/\/madamebulgaria.com\/es\/informacion-util\/viajar-a-bulgaria\/","og_locale":"es_ES","og_type":"article","og_title":"Coming to Bulgaria &#8211; Madame Bulgaria","og_description":"There are two main ways to come in Bulgaria : by plane or by road. You\u00a0don&#8217;t like flying or driving and you want to try another way to come ?\u00a0You can\u00a0also come by bus or train. Let us tell you more about each of them.\u00a0 &nbsp; Travelling to Bulgaria by plane Flying is definitely the&hellip;","og_url":"https:\/\/madamebulgaria.com\/es\/informacion-util\/viajar-a-bulgaria\/","og_site_name":"Madame Bulgaria","article_publisher":"https:\/\/www.facebook.com\/madamebulgaria\/?fref=ts","article_modified_time":"2017-05-24T10:44:12+00:00","og_image":[{"width":1024,"height":683,"url":"https:\/\/madamebulgaria.com\/wp-content\/uploads\/2016\/05\/matthew-smith-5934-1024x683.jpg","type":"image\/jpeg"}],"twitter_card":"summary_large_image","twitter_site":"@madamebulgaria","twitter_misc":{"Tiempo de lectura":"6 minutos"},"schema":{"@context":"https:\/\/schema.org","@graph":[{"@type":"WebPage","@id":"https:\/\/madamebulgaria.com\/useful-info\/travel-to-bulgaria\/","url":"https:\/\/madamebulgaria.com\/useful-info\/travel-to-bulgaria\/","name":"Venir a Bulgaria - Madame Bulgaria","isPartOf":{"@id":"https:\/\/madamebulgaria.com\/#website"},"primaryImageOfPage":{"@id":"https:\/\/madamebulgaria.com\/useful-info\/travel-to-bulgaria\/#primaryimage"},"image":{"@id":"https:\/\/madamebulgaria.com\/useful-info\/travel-to-bulgaria\/#primaryimage"},"thumbnailUrl":"https:\/\/madamebulgaria.com\/wp-content\/uploads\/2016\/05\/matthew-smith-5934.jpg","datePublished":"2016-05-25T17:54:01+00:00","dateModified":"2017-05-24T10:44:12+00:00","breadcrumb":{"@id":"https:\/\/madamebulgaria.com\/useful-info\/travel-to-bulgaria\/#breadcrumb"},"inLanguage":"es","potentialAction":[{"@type":"ReadAction","target":["https:\/\/madamebulgaria.com\/useful-info\/travel-to-bulgaria\/"]}]},{"@type":"ImageObject","inLanguage":"es","@id":"https:\/\/madamebulgaria.com\/useful-info\/travel-to-bulgaria\/#primaryimage","url":"https:\/\/madamebulgaria.com\/wp-content\/uploads\/2016\/05\/matthew-smith-5934.jpg","contentUrl":"https:\/\/madamebulgaria.com\/wp-content\/uploads\/2016\/05\/matthew-smith-5934.jpg","width":2280,"height":1520,"caption":"Travel to Bulgaria"},{"@type":"BreadcrumbList","@id":"https:\/\/madamebulgaria.com\/useful-info\/travel-to-bulgaria\/#breadcrumb","itemListElement":[{"@type":"ListItem","position":1,"name":"Accueil","item":"https:\/\/madamebulgaria.com\/"},{"@type":"ListItem","position":2,"name":"Useful Info","item":"https:\/\/madamebulgaria.com\/useful-info\/"},{"@type":"ListItem","position":3,"name":"Coming to Bulgaria"}]},{"@type":"WebSite","@id":"https:\/\/madamebulgaria.com\/#website","url":"https:\/\/madamebulgaria.com\/","name":"Se\u00f1ora Bulgaria","description":"Estilo de vida, Cultura, Gastronom\u00eda, M\u00e1s de Bulgaria","publisher":{"@id":"https:\/\/madamebulgaria.com\/#organization"},"potentialAction":[{"@type":"SearchAction","target":{"@type":"EntryPoint","urlTemplate":"https:\/\/madamebulgaria.com\/?s={search_term_string}"},"query-input":{"@type":"PropertyValueSpecification","valueRequired":true,"valueName":"search_term_string"}}],"inLanguage":"es"},{"@type":"Organization","@id":"https:\/\/madamebulgaria.com\/#organization","name":"Se\u00f1ora Bulgaria","url":"https:\/\/madamebulgaria.com\/","logo":{"@type":"ImageObject","inLanguage":"es","@id":"https:\/\/madamebulgaria.com\/#\/schema\/logo\/image\/","url":"https:\/\/madamebulgaria.com\/wp-content\/uploads\/2017\/03\/MB-logo-final-2-3-e1513170700381-1.png","contentUrl":"https:\/\/madamebulgaria.com\/wp-content\/uploads\/2017\/03\/MB-logo-final-2-3-e1513170700381-1.png","width":800,"height":500,"caption":"Madame Bulgaria"},"image":{"@id":"https:\/\/madamebulgaria.com\/#\/schema\/logo\/image\/"},"sameAs":["https:\/\/www.facebook.com\/madamebulgaria\/?fref=ts","https:\/\/x.com\/madamebulgaria","https:\/\/www.instagram.com\/madamebulgaria\/?hl=fr","https:\/\/www.linkedin.com\/company\/madame-bulgaria\/","https:\/\/www.youtube.com\/channel\/UCi6lmnQoBJkA-eJ4ijysIog"]}]}},"_links":{"self":[{"href":"https:\/\/madamebulgaria.com\/es\/wp-json\/wp\/v2\/pages\/258","targetHints":{"allow":["GET"]}}],"collection":[{"href":"https:\/\/madamebulgaria.com\/es\/wp-json\/wp\/v2\/pages"}],"about":[{"href":"https:\/\/madamebulgaria.com\/es\/wp-json\/wp\/v2\/types\/page"}],"author":[{"embeddable":true,"href":"https:\/\/madamebulgaria.com\/es\/wp-json\/wp\/v2\/users\/1"}],"replies":[{"embeddable":true,"href":"https:\/\/madamebulgaria.com\/es\/wp-json\/wp\/v2\/comments?post=258"}],"version-history":[{"count":0,"href":"https:\/\/madamebulgaria.com\/es\/wp-json\/wp\/v2\/pages\/258\/revisions"}],"up":[{"embeddable":true,"href":"https:\/\/madamebulgaria.com\/es\/wp-json\/wp\/v2\/pages\/117"}],"wp:featuredmedia":[{"embeddable":true,"href":"https:\/\/madamebulgaria.com\/es\/wp-json\/wp\/v2\/media\/7673"}],"wp:attachment":[{"href":"https:\/\/madamebulgaria.com\/es\/wp-json\/wp\/v2\/media?parent=258"}],"curies":[{"name":"wp","href":"https:\/\/api.w.org\/{rel}","templated":true}]}}