{"id":258,"date":"2016-05-25T17:54:01","date_gmt":"2016-05-25T17:54:01","guid":{"rendered":"http:\/\/madamebulgaria.com\/?page_id=258"},"modified":"2017-05-24T13:44:12","modified_gmt":"2017-05-24T10:44:12","slug":"viaggio-in-bulgaria","status":"publish","type":"page","link":"https:\/\/madamebulgaria.com\/it\/informazioni-utili\/viaggio-in-bulgaria\/","title":{"rendered":"Venire in Bulgaria"},"content":{"rendered":"<h4><span style=\"color: #000000;\"><img loading=\"lazy\" decoding=\"async\" class=\"aligncenter size-full wp-image-8909 lazyload\" src=\"data:image\/gif;base64,R0lGODlhAQABAAAAACH5BAEKAAEALAAAAAABAAEAAAICTAEAOw==\" data-src=\"http:\/\/madamebulgaria.com\/wp-content\/uploads\/2016\/05\/Capture-d\u2019\u00e9cran-2017-05-24-\u00e0-10.12.00.png\" alt=\"\" width=\"1168\" height=\"200\" data-sizes=\"auto\" data-srcset=\"https:\/\/madamebulgaria.com\/wp-content\/uploads\/2016\/05\/Capture-d\u2019\u00e9cran-2017-05-24-\u00e0-10.12.00.png 1168w, https:\/\/madamebulgaria.com\/wp-content\/uploads\/2016\/05\/Capture-d\u2019\u00e9cran-2017-05-24-\u00e0-10.12.00-300x51.png 300w, https:\/\/madamebulgaria.com\/wp-content\/uploads\/2016\/05\/Capture-d\u2019\u00e9cran-2017-05-24-\u00e0-10.12.00-768x132.png 768w, https:\/\/madamebulgaria.com\/wp-content\/uploads\/2016\/05\/Capture-d\u2019\u00e9cran-2017-05-24-\u00e0-10.12.00-1024x175.png 1024w, https:\/\/madamebulgaria.com\/wp-content\/uploads\/2016\/05\/Capture-d\u2019\u00e9cran-2017-05-24-\u00e0-10.12.00-600x103.png 600w\" sizes=\"auto, (max-width: 1168px) 100vw, 1168px\" \/><\/span><\/h4>\n<h4><span style=\"color: #333333;\">Ci sono due modi principali per venire in Bulgaria: in aereo o su strada. Non vi piace volare o guidare e volete provare un altro modo di venire? Potete anche venire in autobus o in treno. Vi raccontiamo di pi\u00f9 su ciascuno di essi.\u00a0<\/span><\/h4>\n<p>&nbsp;<\/p>\n<h3 style=\"text-align: justify;\"><span style=\"color: #fc5d5d;\">Viaggiare in Bulgaria in aereo<\/span><\/h3>\n<p><span style=\"color: #333333;\"><span lang=\"en\">L'aereo \u00e8 sicuramente il modo pi\u00f9 semplice per viaggiare in Bulgaria, non molto costoso e pi\u00f9 veloce.\u00a0<\/span><span lang=\"en\">La Bulgaria \u00e8 servita da tutte le principali compagnie aeree - Bulgaria Air, Air France, Austrian, British Airways, Lufthansa, CSA, Alitalia, ecc. con diversi voli al giorno principalmente verso Sofia, la capitale bulgara. <\/span><\/span><\/p>\n<p><span style=\"color: #333333;\"><span lang=\"en\">Da fuori Europa, dipende dal Paese di provenienza.\u00a0<\/span>Ci sono voli diretti giornalieri dalla maggior parte delle capitali europee e dai principali aeroporti europei, oltre a diverse destinazioni in Medio Oriente. Non ci sono voli diretti dal Nord America e dalla maggior parte dell'Asia. In Bulgaria, ci sono <strong>5 aeroporti principali: Sofia - Plovdiv - Varna - Burgas e Rousse<\/strong>. Il pi\u00f9 grande \u00e8 <a style=\"color: #333333;\" href=\"https:\/\/www.sofia-airport.bg\/en\/passengers\">Aeroporto internazionale di Sofia<\/a>\u00a0(Terminale 1 e 2).\u00a0<\/span><\/p>\n<p><span style=\"color: #333333;\"><span lang=\"en\">Vi parleremo solo delle compagnie aeree pi\u00f9 interessanti in base ai prezzi e alla durata dei voli (volo diretto con servizio non-stop da e per Sofia). Per quanto riguarda i prezzi, tenete presente che i periodi di punta comprendono il periodo da Natale a inizio gennaio e i mesi estivi.\u00a0<\/span><\/span><\/p>\n<h4 style=\"text-align: justify;\"><span style=\"color: #fc5d5d;\">Dall'Europa :\u00a0<\/span><\/h4>\n<p><span style=\"color: #333333;\">Dall'Europa, diverse compagnie aeree offrono un servizio non-stop per Sofia dalle principali citt\u00e0: <a style=\"color: #333333; text-decoration: underline;\" href=\"https:\/\/www.air.bg\/en\/\">Bulgaria Air<\/a>,Air France, Lufthansa, Austrian, CSA, Alitalia, British Airways, Swiss Air Serbia, KLM, Turkish Airlines, LOT, Air Berlin ecc.<\/span><\/p>\n<p><span style=\"color: #333333;\"><strong><a style=\"color: #333333;\" href=\"https:\/\/www.air.bg\/en\/\"><span style=\"text-decoration: underline;\"><em>Bulgaria Air<\/em><\/span><\/a><\/strong>\u00a0\u00e8 la compagnia aerea nazionale bulgara. Essa\u00a0<span lang=\"en\">collega la maggior parte dei Paesi europei alla Bulgaria (aeroporto internazionale di Sofia, Terminal 2). Il viaggio di andata e ritorno (con andata e ritorno) costa <strong>circa 150 e 600\u20ac<\/strong> a seconda della stagione. Vi consigliamo di acquistare\u00a0<\/span><span lang=\"en\">i biglietti in anticipo per ottenere i prezzi migliori. Tutti i voli includono uno spuntino, un bagaglio a mano (1 pezzo - fino a 10kg con dimensioni: 55x40x23cm max)\u00a0<\/span>e un bagaglio registrato (1 pezzo - fino a 23 kg) e altre opzioni consentite al costo di 50 \u20ac (cambio di data, ecc.).\u00a0<em style=\"color: #000000;\"><a style=\"color: #333333;\" href=\"https:\/\/www.air.bg\/en\/\">Fare clic qui per prenotare un volo.<\/a>\u00a0<\/em>Dal Terminal 2 dell'aeroporto di Sofi \u00e8 facile raggiungere il centro in taxi o in metropolitana direttamente dal terminal.\u00a0<\/span><\/p>\n<p><span style=\"color: #333333;\">Ci sono anche compagnie aeree a basso costo - <strong>Wizzair, Ryanair e Easyjet.<\/strong> che raggiungono Sofia e altre citt\u00e0 bulgare (soprattutto Plovidv e Varna).\u00a0<span lang=\"en\">Queste tre compagnie aeree collegano le stesse citt\u00e0 e altre citt\u00e0 minori da cui le compagnie aeree \u201cnormali\u201d non operano voli. Il costo del viaggio di andata e ritorno tra <strong>30 e 200\u20ac<\/strong> a seconda della stagione. In generale, luglio, agosto e dicembre sono i mesi pi\u00f9 costosi (200 \u20ac). \u00c8 possibile trovare voli per venire in Bulgaria da settembre a giugno a soli 30 \u20ac.\u00a0<\/span><\/span><\/p>\n<p><span style=\"color: #333333;\"><strong>Dalla Francia<\/strong>, potete prendere un biglietto a basso costo con\u00a0<em>Wizzair\u00a0<\/em>da\u00a0<strong>Parigi-Beauvais<\/strong> (87 km da Parigi) e\u00a0<strong>Mulhouse<\/strong> ad esempio. Ci sono tre voli diretti a settimana e la durata \u00e8 di 2h50. Per chi vive nel nord della Francia (Lille, Douai, Lens, Valenciennes, ecc.), potrebbe essere pi\u00f9 interessante prenotare un volo con Wizzair da <strong>Bruxelles-Charleroi<\/strong> piuttosto che dall'aeroporto di Parigi-Beauvais. Dal Rodano-Alpi, invece di volare da Lione con Air France, Alitalia o Lufthansa, ad esempio, con un punto di connessione nel loro hub, potrebbe essere meglio volare dall'aeroporto di Ginevra con Wizzair. Ci sono tre voli a settimana (non tutti i giorni), ma \u00e8 pi\u00f9 vicino e i prezzi possono essere molto interessanti. Per il parcheggio all'aeroporto di Bruxelles-Charleroi, ho un buon indirizzo, sicuro ed economico. Lo prenotavo quando viaggiavo spesso tra Lille e Sofia. Ad esempio, 8 giorni di parcheggio = 48 euro &gt;&gt;. <a style=\"color: #333333;\" href=\"http:\/\/www.parkingroger.be\">clicca\u00a0<em>qui<\/em><\/a>.<\/span><\/p>\n<p><span lang=\"en\" style=\"color: #333333;\">La maggior parte dei voli per <strong>Aeroporto di Varna<\/strong> sul Mar Nero fanno scalo a Sofia, tranne durante la stagione estiva, quando \u00e8 possibile trovare voli charter o voli stagionali. Potete consultare le stesse compagnie per trovare un volo. Partenza <strong>Ottobre 2017<\/strong>, <a style=\"color: #333333;\" href=\"https:\/\/www.ryanair.com\/gb\/en\/\"><strong>Ryanair<\/strong><\/a> offrir\u00e0 voli diretti da Charleroi a Varna (senza scalo a Sofia).\u00a0<\/span><\/p>\n<h4 class=\"tw-data-text vk_txt tw-ta tw-text-medium\" dir=\"ltr\" style=\"text-align: justify;\" data-placeholder=\"Traduction\"><span style=\"color: #fc5d5d;\">Dalla Russia :<\/span><\/h4>\n<p><span style=\"color: #333333;\">Bulgaria Air collega Mosca all'aeroporto di Sofia (con voli diretti) e all'aeroporto di Varna con uno scalo di un'ora all'aeroporto di Sofia. Da San Pietroburgo, Turkish Airlines, Air Serbia, Austrian, Aeroflot e Lot Polish Airlines sono le principali compagnie aeree per andare in Bulgaria, <strong>solo con l'arresto.<\/strong><\/span><\/p>\n<h4 style=\"text-align: justify;\"><span style=\"color: #fc5d5d;\">Dagli Stati Uniti :<\/span><\/h4>\n<p><span style=\"color: #333333;\">I voli non sono diretti (ancora!). Da New York City, Bulgaria Air, Air France KLM, Brussels Airlines, Air Berlin e Aeroflot sono le compagnie aeree dirette in Bulgaria (Sofia). Da altre citt\u00e0 degli Stati Uniti, United, Lufthansa, Turkish Airlines, KLM, Alitalia e Austrian sono le principali compagnie aeree dirette in Bulgaria.<\/span><\/p>\n<h4 style=\"text-align: justify;\"><span style=\"color: #fc5d5d;\">Dal Canada :<\/span><\/h4>\n<p><span style=\"color: #333333;\">Da Montreal, Qu\u00e9bec o Vancouver, Air Canada e Lufthansa sono le migliori compagnie aeree per andare in Bulgaria (1\/2 scali).<\/span><\/p>\n<h4 style=\"text-align: justify;\"><span style=\"color: #fc5d5d;\">Dall'Australia :<\/span><\/h4>\n<p><span style=\"color: #333333;\">Da Melbourne o Sydney, KLM, Lufthansa e Jet sono le compagnie aeree che vanno in Bulgaria (1\/2 scali).<\/span><\/p>\n<p>&nbsp;<\/p>\n<h3 style=\"text-align: justify;\"><span style=\"color: #fc5d5d;\">Viaggio in Bulgaria in auto\u00a0<\/span><\/h3>\n<p><span style=\"color: #333333;\">Certo, il viaggio in auto sar\u00e0 pi\u00f9 lungo che in aereo (solo 30 ore... dalla Francia, per esempio) ma \u00e8 sempre meglio che non venire affatto in Bulgaria! Abbiamo fatto un viaggio in auto 2 anni fa, durante l'estate. Anche se \u00e8 stato molto lungo, ho scoperto molti bei posti sulla strada e ho attraversato molti paesi interessanti oltre alla Francia (Germania, Austria, Serbia, Slovenia e Croazia).\u00a0<\/span><\/p>\n<p><span style=\"color: #333333;\">A seconda del luogo di partenza, pu\u00f2 essere molto costoso (es: da Parigi a Sofia, autostrada &gt;&gt; 2270km + benzina\/diesel = 500\u20ac). Pu\u00f2 essere un viaggio molto interessante se si ha il tempo di trascorrere 2 giorni sulla strada e la motivazione. \u00c8 anche importante avere un'auto confortevole con aria condizionata (soprattutto in estate, quando si devono aspettare lunghe ore in coda alle frontiere).\u00a0<\/span><\/p>\n<p><span style=\"color: #333333;\">Per organizzare il vostro viaggio in auto, consultate il sito\u00a0<strong><a style=\"color: #333333;\" href=\"http:\/\/www.viamichelin.fr\">www.viamichelin.fr<\/a><\/strong><\/span><\/p>\n<p><span lang=\"en\" style=\"color: #333333;\">Attenzione: per utilizzare le autostrade austriache, slovene e ungheresi, \u00e8 necessario acquistare un adesivo da attaccare sul parabrezza dell'auto. \u00c8 possibile acquistarlo alla frontiera o presso una stazione di servizio.<\/span><\/p>\n<p>&nbsp;<\/p>\n<h3><span style=\"color: #fc5d5d;\">Viaggio in Bulgaria in autobus\/treno\u00a0<\/span><\/h3>\n<p><span style=\"color: #333333;\">In autobus, il prezzo di un viaggio di andata e ritorno da un paese europeo si aggira intorno a <strong>150-200\u20ac<\/strong> con <strong><span style=\"text-decoration: underline;\"><a style=\"color: #333333; text-decoration: underline;\" href=\"http:\/\/www.eurolines.fr\/en\/\">Compagnia di autobus Eurolines<\/a><\/span><\/strong><strong>.<\/strong>\u00a0Ci sono due partenze a settimana. <\/span><\/p>\n<p><span style=\"color: #333333;\">Dalla Francia (Parigi), si parte il luned\u00ec e il venerd\u00ec alle 8:00 e si arriva un giorno dopo alle 21:00 (ora locale bulgara - +1h). Si stima quindi un viaggio di 37 ore. L'autobus attraversa Germania, Austria, Slovenia, Ungheria e Serbia. <\/span><span style=\"color: #333333;\">Il tragitto in auto \u00e8 all'incirca lo stesso. Alcune partenze dalla provincia: Reims, Metz e Strasburgo.<\/span><\/p>\n<p><span style=\"color: #333333;\">In treno, \u00e8 possibile trovare treni per Sofia da alcune capitali europee (<a style=\"color: #333333;\" href=\"http:\/\/www.seat61.fr\/Paris-Sofia-Bulgarie-en-train.htm\"><em>per viaggiare da Parigi a Sofia, consultate questo link in francese<\/em><\/a>). Dalla Francia, il viaggio \u00e8 stimato in 35 ore. Non \u00e8 un viaggio diretto e bisogna cambiare due volte a Francoforte e Vienna. In Bulgaria, si pu\u00f2 continuare a utilizzare il treno durante il viaggio con il <strong>SNCF<\/strong> azienda e la sua <strong>2 pass interrail <\/strong>: <span style=\"text-decoration: underline;\"><a style=\"text-decoration: underline; color: #333333;\" href=\"http:\/\/www.interrail.eu\"><em>Pass per un paese<\/em><\/a><\/span> o <span style=\"text-decoration: underline;\"><a style=\"color: #333333; text-decoration: underline;\" href=\"http:\/\/www.interrail.eu\"><em>Pass globale<\/em><\/a><em style=\"color: #fc5d5d; text-decoration: underline;\"><a style=\"color: #333333; text-decoration: underline;\" href=\"http:\/\/www.interrail.eu\">.<\/a>\u00a0<\/em><\/span>Per organizzare il vostro viaggio in treno, visitate il sito\u00a0<em><span style=\"text-decoration: underline;\"><a style=\"color: #333333; text-decoration: underline;\" href=\"http:\/\/www.voyages-sncf.com\">www.voyages-sncf.<\/a>com.<\/span><\/em><\/span><\/p>\n<p>&nbsp;<\/p>\n<p>&nbsp;<\/p>\n<p>&nbsp;<\/p>","protected":false},"excerpt":{"rendered":"<p>There are two main ways to come in Bulgaria : by plane or by road. You\u00a0don&#8217;t like flying or driving and you want to try another way to come ?\u00a0You can\u00a0also come by bus or train. Let us tell you more about each of them.\u00a0 &nbsp; Travelling to Bulgaria by plane Flying is definitely the&hellip;<\/p>","protected":false},"author":1,"featured_media":7673,"parent":117,"menu_order":1,"comment_status":"closed","ping_status":"closed","template":"page-default.php","meta":{"footnotes":""},"class_list":["post-258","page","type-page","status-publish","has-post-thumbnail","hentry"],"yoast_head":"<!-- This site is optimized with the Yoast SEO plugin v27.1.1 - https:\/\/yoast.com\/product\/yoast-seo-wordpress\/ -->\n<title>Coming to Bulgaria &#8211; Madame Bulgaria<\/title>\n<meta name=\"robots\" content=\"index, follow, max-snippet:-1, max-image-preview:large, max-video-preview:-1\" \/>\n<link rel=\"canonical\" href=\"https:\/\/madamebulgaria.com\/it\/informazioni-utili\/viaggio-in-bulgaria\/\" \/>\n<meta property=\"og:locale\" content=\"it_IT\" \/>\n<meta property=\"og:type\" content=\"article\" \/>\n<meta property=\"og:title\" content=\"Coming to Bulgaria &#8211; Madame Bulgaria\" \/>\n<meta property=\"og:description\" content=\"There are two main ways to come in Bulgaria : by plane or by road. You\u00a0don&#8217;t like flying or driving and you want to try another way to come ?\u00a0You can\u00a0also come by bus or train. Let us tell you more about each of them.\u00a0 &nbsp; Travelling to Bulgaria by plane Flying is definitely the&hellip;\" \/>\n<meta property=\"og:url\" content=\"https:\/\/madamebulgaria.com\/it\/informazioni-utili\/viaggio-in-bulgaria\/\" \/>\n<meta property=\"og:site_name\" content=\"Madame Bulgaria\" \/>\n<meta property=\"article:publisher\" content=\"https:\/\/www.facebook.com\/madamebulgaria\/?fref=ts\" \/>\n<meta property=\"article:modified_time\" content=\"2017-05-24T10:44:12+00:00\" \/>\n<meta property=\"og:image\" content=\"https:\/\/madamebulgaria.com\/wp-content\/uploads\/2016\/05\/matthew-smith-5934-1024x683.jpg\" \/>\n\t<meta property=\"og:image:width\" content=\"1024\" \/>\n\t<meta property=\"og:image:height\" content=\"683\" \/>\n\t<meta property=\"og:image:type\" content=\"image\/jpeg\" \/>\n<meta name=\"twitter:card\" content=\"summary_large_image\" \/>\n<meta name=\"twitter:site\" content=\"@madamebulgaria\" \/>\n<meta name=\"twitter:label1\" content=\"Tempo di lettura stimato\" \/>\n\t<meta name=\"twitter:data1\" content=\"6 minuti\" \/>\n<script type=\"application\/ld+json\" class=\"yoast-schema-graph\">{\"@context\":\"https:\/\/schema.org\",\"@graph\":[{\"@type\":\"WebPage\",\"@id\":\"https:\/\/madamebulgaria.com\/useful-info\/travel-to-bulgaria\/\",\"url\":\"https:\/\/madamebulgaria.com\/useful-info\/travel-to-bulgaria\/\",\"name\":\"Coming to Bulgaria &#8211; Madame Bulgaria\",\"isPartOf\":{\"@id\":\"https:\/\/madamebulgaria.com\/#website\"},\"primaryImageOfPage\":{\"@id\":\"https:\/\/madamebulgaria.com\/useful-info\/travel-to-bulgaria\/#primaryimage\"},\"image\":{\"@id\":\"https:\/\/madamebulgaria.com\/useful-info\/travel-to-bulgaria\/#primaryimage\"},\"thumbnailUrl\":\"https:\/\/madamebulgaria.com\/wp-content\/uploads\/2016\/05\/matthew-smith-5934.jpg\",\"datePublished\":\"2016-05-25T17:54:01+00:00\",\"dateModified\":\"2017-05-24T10:44:12+00:00\",\"breadcrumb\":{\"@id\":\"https:\/\/madamebulgaria.com\/useful-info\/travel-to-bulgaria\/#breadcrumb\"},\"inLanguage\":\"it-IT\",\"potentialAction\":[{\"@type\":\"ReadAction\",\"target\":[\"https:\/\/madamebulgaria.com\/useful-info\/travel-to-bulgaria\/\"]}]},{\"@type\":\"ImageObject\",\"inLanguage\":\"it-IT\",\"@id\":\"https:\/\/madamebulgaria.com\/useful-info\/travel-to-bulgaria\/#primaryimage\",\"url\":\"https:\/\/madamebulgaria.com\/wp-content\/uploads\/2016\/05\/matthew-smith-5934.jpg\",\"contentUrl\":\"https:\/\/madamebulgaria.com\/wp-content\/uploads\/2016\/05\/matthew-smith-5934.jpg\",\"width\":2280,\"height\":1520,\"caption\":\"Travel to Bulgaria\"},{\"@type\":\"BreadcrumbList\",\"@id\":\"https:\/\/madamebulgaria.com\/useful-info\/travel-to-bulgaria\/#breadcrumb\",\"itemListElement\":[{\"@type\":\"ListItem\",\"position\":1,\"name\":\"Accueil\",\"item\":\"https:\/\/madamebulgaria.com\/\"},{\"@type\":\"ListItem\",\"position\":2,\"name\":\"Useful Info\",\"item\":\"https:\/\/madamebulgaria.com\/useful-info\/\"},{\"@type\":\"ListItem\",\"position\":3,\"name\":\"Coming to Bulgaria\"}]},{\"@type\":\"WebSite\",\"@id\":\"https:\/\/madamebulgaria.com\/#website\",\"url\":\"https:\/\/madamebulgaria.com\/\",\"name\":\"Madame Bulgaria\",\"description\":\"Lifestyle, Culture, Food, More of Bulgaria\",\"publisher\":{\"@id\":\"https:\/\/madamebulgaria.com\/#organization\"},\"potentialAction\":[{\"@type\":\"SearchAction\",\"target\":{\"@type\":\"EntryPoint\",\"urlTemplate\":\"https:\/\/madamebulgaria.com\/?s={search_term_string}\"},\"query-input\":{\"@type\":\"PropertyValueSpecification\",\"valueRequired\":true,\"valueName\":\"search_term_string\"}}],\"inLanguage\":\"it-IT\"},{\"@type\":\"Organization\",\"@id\":\"https:\/\/madamebulgaria.com\/#organization\",\"name\":\"Madame Bulgaria\",\"url\":\"https:\/\/madamebulgaria.com\/\",\"logo\":{\"@type\":\"ImageObject\",\"inLanguage\":\"it-IT\",\"@id\":\"https:\/\/madamebulgaria.com\/#\/schema\/logo\/image\/\",\"url\":\"https:\/\/madamebulgaria.com\/wp-content\/uploads\/2017\/03\/MB-logo-final-2-3-e1513170700381-1.png\",\"contentUrl\":\"https:\/\/madamebulgaria.com\/wp-content\/uploads\/2017\/03\/MB-logo-final-2-3-e1513170700381-1.png\",\"width\":800,\"height\":500,\"caption\":\"Madame Bulgaria\"},\"image\":{\"@id\":\"https:\/\/madamebulgaria.com\/#\/schema\/logo\/image\/\"},\"sameAs\":[\"https:\/\/www.facebook.com\/madamebulgaria\/?fref=ts\",\"https:\/\/x.com\/madamebulgaria\",\"https:\/\/www.instagram.com\/madamebulgaria\/?hl=fr\",\"https:\/\/www.linkedin.com\/company\/madame-bulgaria\/\",\"https:\/\/www.youtube.com\/channel\/UCi6lmnQoBJkA-eJ4ijysIog\"]}]}<\/script>\n<!-- \/ Yoast SEO plugin. -->","yoast_head_json":{"title":"Venire in Bulgaria - Madame Bulgaria","robots":{"index":"index","follow":"follow","max-snippet":"max-snippet:-1","max-image-preview":"max-image-preview:large","max-video-preview":"max-video-preview:-1"},"canonical":"https:\/\/madamebulgaria.com\/it\/informazioni-utili\/viaggio-in-bulgaria\/","og_locale":"it_IT","og_type":"article","og_title":"Coming to Bulgaria &#8211; Madame Bulgaria","og_description":"There are two main ways to come in Bulgaria : by plane or by road. You\u00a0don&#8217;t like flying or driving and you want to try another way to come ?\u00a0You can\u00a0also come by bus or train. Let us tell you more about each of them.\u00a0 &nbsp; Travelling to Bulgaria by plane Flying is definitely the&hellip;","og_url":"https:\/\/madamebulgaria.com\/it\/informazioni-utili\/viaggio-in-bulgaria\/","og_site_name":"Madame Bulgaria","article_publisher":"https:\/\/www.facebook.com\/madamebulgaria\/?fref=ts","article_modified_time":"2017-05-24T10:44:12+00:00","og_image":[{"width":1024,"height":683,"url":"https:\/\/madamebulgaria.com\/wp-content\/uploads\/2016\/05\/matthew-smith-5934-1024x683.jpg","type":"image\/jpeg"}],"twitter_card":"summary_large_image","twitter_site":"@madamebulgaria","twitter_misc":{"Tempo di lettura stimato":"6 minuti"},"schema":{"@context":"https:\/\/schema.org","@graph":[{"@type":"WebPage","@id":"https:\/\/madamebulgaria.com\/useful-info\/travel-to-bulgaria\/","url":"https:\/\/madamebulgaria.com\/useful-info\/travel-to-bulgaria\/","name":"Venire in Bulgaria - Madame Bulgaria","isPartOf":{"@id":"https:\/\/madamebulgaria.com\/#website"},"primaryImageOfPage":{"@id":"https:\/\/madamebulgaria.com\/useful-info\/travel-to-bulgaria\/#primaryimage"},"image":{"@id":"https:\/\/madamebulgaria.com\/useful-info\/travel-to-bulgaria\/#primaryimage"},"thumbnailUrl":"https:\/\/madamebulgaria.com\/wp-content\/uploads\/2016\/05\/matthew-smith-5934.jpg","datePublished":"2016-05-25T17:54:01+00:00","dateModified":"2017-05-24T10:44:12+00:00","breadcrumb":{"@id":"https:\/\/madamebulgaria.com\/useful-info\/travel-to-bulgaria\/#breadcrumb"},"inLanguage":"it-IT","potentialAction":[{"@type":"ReadAction","target":["https:\/\/madamebulgaria.com\/useful-info\/travel-to-bulgaria\/"]}]},{"@type":"ImageObject","inLanguage":"it-IT","@id":"https:\/\/madamebulgaria.com\/useful-info\/travel-to-bulgaria\/#primaryimage","url":"https:\/\/madamebulgaria.com\/wp-content\/uploads\/2016\/05\/matthew-smith-5934.jpg","contentUrl":"https:\/\/madamebulgaria.com\/wp-content\/uploads\/2016\/05\/matthew-smith-5934.jpg","width":2280,"height":1520,"caption":"Travel to Bulgaria"},{"@type":"BreadcrumbList","@id":"https:\/\/madamebulgaria.com\/useful-info\/travel-to-bulgaria\/#breadcrumb","itemListElement":[{"@type":"ListItem","position":1,"name":"Accueil","item":"https:\/\/madamebulgaria.com\/"},{"@type":"ListItem","position":2,"name":"Useful Info","item":"https:\/\/madamebulgaria.com\/useful-info\/"},{"@type":"ListItem","position":3,"name":"Coming to Bulgaria"}]},{"@type":"WebSite","@id":"https:\/\/madamebulgaria.com\/#website","url":"https:\/\/madamebulgaria.com\/","name":"Signora Bulgaria","description":"Stile di vita, Cultura, Cibo, Altro della Bulgaria","publisher":{"@id":"https:\/\/madamebulgaria.com\/#organization"},"potentialAction":[{"@type":"SearchAction","target":{"@type":"EntryPoint","urlTemplate":"https:\/\/madamebulgaria.com\/?s={search_term_string}"},"query-input":{"@type":"PropertyValueSpecification","valueRequired":true,"valueName":"search_term_string"}}],"inLanguage":"it-IT"},{"@type":"Organization","@id":"https:\/\/madamebulgaria.com\/#organization","name":"Signora Bulgaria","url":"https:\/\/madamebulgaria.com\/","logo":{"@type":"ImageObject","inLanguage":"it-IT","@id":"https:\/\/madamebulgaria.com\/#\/schema\/logo\/image\/","url":"https:\/\/madamebulgaria.com\/wp-content\/uploads\/2017\/03\/MB-logo-final-2-3-e1513170700381-1.png","contentUrl":"https:\/\/madamebulgaria.com\/wp-content\/uploads\/2017\/03\/MB-logo-final-2-3-e1513170700381-1.png","width":800,"height":500,"caption":"Madame Bulgaria"},"image":{"@id":"https:\/\/madamebulgaria.com\/#\/schema\/logo\/image\/"},"sameAs":["https:\/\/www.facebook.com\/madamebulgaria\/?fref=ts","https:\/\/x.com\/madamebulgaria","https:\/\/www.instagram.com\/madamebulgaria\/?hl=fr","https:\/\/www.linkedin.com\/company\/madame-bulgaria\/","https:\/\/www.youtube.com\/channel\/UCi6lmnQoBJkA-eJ4ijysIog"]}]}},"_links":{"self":[{"href":"https:\/\/madamebulgaria.com\/it\/wp-json\/wp\/v2\/pages\/258","targetHints":{"allow":["GET"]}}],"collection":[{"href":"https:\/\/madamebulgaria.com\/it\/wp-json\/wp\/v2\/pages"}],"about":[{"href":"https:\/\/madamebulgaria.com\/it\/wp-json\/wp\/v2\/types\/page"}],"author":[{"embeddable":true,"href":"https:\/\/madamebulgaria.com\/it\/wp-json\/wp\/v2\/users\/1"}],"replies":[{"embeddable":true,"href":"https:\/\/madamebulgaria.com\/it\/wp-json\/wp\/v2\/comments?post=258"}],"version-history":[{"count":0,"href":"https:\/\/madamebulgaria.com\/it\/wp-json\/wp\/v2\/pages\/258\/revisions"}],"up":[{"embeddable":true,"href":"https:\/\/madamebulgaria.com\/it\/wp-json\/wp\/v2\/pages\/117"}],"wp:featuredmedia":[{"embeddable":true,"href":"https:\/\/madamebulgaria.com\/it\/wp-json\/wp\/v2\/media\/7673"}],"wp:attachment":[{"href":"https:\/\/madamebulgaria.com\/it\/wp-json\/wp\/v2\/media?parent=258"}],"curies":[{"name":"wp","href":"https:\/\/api.w.org\/{rel}","templated":true}]}}