{"id":258,"date":"2016-05-25T17:54:01","date_gmt":"2016-05-25T17:54:01","guid":{"rendered":"http:\/\/madamebulgaria.com\/?page_id=258"},"modified":"2017-05-24T13:44:12","modified_gmt":"2017-05-24T10:44:12","slug":"reizen-naar-bulgarije","status":"publish","type":"page","link":"https:\/\/madamebulgaria.com\/nl\/nuttige-info\/reizen-naar-bulgarije\/","title":{"rendered":"Naar Bulgarije"},"content":{"rendered":"<h4><span style=\"color: #000000;\"><img loading=\"lazy\" decoding=\"async\" class=\"aligncenter size-full wp-image-8909 lazyload\" src=\"data:image\/gif;base64,R0lGODlhAQABAAAAACH5BAEKAAEALAAAAAABAAEAAAICTAEAOw==\" data-src=\"http:\/\/madamebulgaria.com\/wp-content\/uploads\/2016\/05\/Capture-d\u2019\u00e9cran-2017-05-24-\u00e0-10.12.00.png\" alt=\"\" width=\"1168\" height=\"200\" data-sizes=\"auto\" data-srcset=\"https:\/\/madamebulgaria.com\/wp-content\/uploads\/2016\/05\/Capture-d\u2019\u00e9cran-2017-05-24-\u00e0-10.12.00.png 1168w, https:\/\/madamebulgaria.com\/wp-content\/uploads\/2016\/05\/Capture-d\u2019\u00e9cran-2017-05-24-\u00e0-10.12.00-300x51.png 300w, https:\/\/madamebulgaria.com\/wp-content\/uploads\/2016\/05\/Capture-d\u2019\u00e9cran-2017-05-24-\u00e0-10.12.00-768x132.png 768w, https:\/\/madamebulgaria.com\/wp-content\/uploads\/2016\/05\/Capture-d\u2019\u00e9cran-2017-05-24-\u00e0-10.12.00-1024x175.png 1024w, https:\/\/madamebulgaria.com\/wp-content\/uploads\/2016\/05\/Capture-d\u2019\u00e9cran-2017-05-24-\u00e0-10.12.00-600x103.png 600w\" sizes=\"auto, (max-width: 1168px) 100vw, 1168px\" \/><\/span><\/h4>\n<h4><span style=\"color: #333333;\">Er zijn twee manieren om naar Bulgarije te komen: met het vliegtuig of over de weg. Hou je niet van vliegen of autorijden en wil je een andere manier proberen om te komen? Je kunt ook met de bus of trein komen. Laat ons je meer vertellen over elk van deze manieren.\u00a0<\/span><\/h4>\n<p>&nbsp;<\/p>\n<h3 style=\"text-align: justify;\"><span style=\"color: #fc5d5d;\">Met het vliegtuig naar Bulgarije<\/span><\/h3>\n<p><span style=\"color: #333333;\"><span lang=\"en\">Vliegen is absoluut de gemakkelijkste manier om naar Bulgarije te reizen, niet erg duur en sneller.\u00a0<\/span><span lang=\"en\">Bulgarije wordt bediend door alle grote luchtvaartmaatschappijen - Bulgaria Air, Air France, Austrian, British Airways, Lufthansa, CSA, Alitalia, etc., met meerdere vluchten per dag, voornamelijk naar Sofia, de Bulgaarse hoofdstad. <\/span><\/span><\/p>\n<p><span style=\"color: #333333;\"><span lang=\"en\">Van buiten Europa hangt het af van het land waar je vandaan komt.\u00a0<\/span>Er zijn dagelijks directe vluchten vanuit de meeste Europese hoofdsteden en grote Europese luchthavens, evenals verschillende bestemmingen in het Midden-Oosten. Er zijn geen rechtstreekse vluchten vanuit Noord-Amerika en het grootste deel van Azi\u00eb. In Bulgarije zijn er <strong>5 belangrijke luchthavens: Sofia - Plovdiv - Varna - Burgas en Rousse<\/strong>. De grootste is <a style=\"color: #333333;\" href=\"https:\/\/www.sofia-airport.bg\/en\/passengers\">Internationale luchthaven Sofia<\/a>\u00a0(Terminal 1 &amp; 2).\u00a0<\/span><\/p>\n<p><span style=\"color: #333333;\"><span lang=\"en\">We bespreken alleen de meest interessante luchtvaartmaatschappijen op basis van prijzen en vluchtduur (directe vlucht met non-stop service van en naar Sofia). Wat prijzen betreft, houd er rekening mee dat de piekperiodes Kerstmis tot begin januari en de zomermaanden omvatten.\u00a0<\/span><\/span><\/p>\n<h4 style=\"text-align: justify;\"><span style=\"color: #fc5d5d;\">Uit Europa :\u00a0<\/span><\/h4>\n<p><span style=\"color: #333333;\">Vanuit Europa zijn er verschillende luchtvaartmaatschappijen die een non-stop verbinding hebben met Sofia vanuit grote steden: <a style=\"color: #333333; text-decoration: underline;\" href=\"https:\/\/www.air.bg\/en\/\">Bulgarije Lucht<\/a>,Air France, Lufthansa, Austrian, CSA, Alitalia, British Airways, Swiss Air Serbia, KLM, Turkish Airlines, LOT, Air Berlin enz.<\/span><\/p>\n<p><span style=\"color: #333333;\"><strong><a style=\"color: #333333;\" href=\"https:\/\/www.air.bg\/en\/\"><span style=\"text-decoration: underline;\"><em>Bulgarije Lucht<\/em><\/span><\/a><\/strong>\u00a0is de Bulgaarse nationale luchtvaartmaatschappij. Het bedrijf\u00a0<span lang=\"en\">verbindt de meeste Europese landen met Bulgarije (internationale luchthaven Sofia, Terminal 2). De retourvlucht (met retour) kost <strong>rond 150 en 600\u20ac<\/strong> afhankelijk van het seizoen. We raden je aan om het volgende te kopen\u00a0<\/span><span lang=\"en\">je tickets van tevoren om de beste prijzen te krijgen. Alle vluchten zijn inclusief een snack, handbagage (1 stuk - tot 10kg met afmetingen : 55x40x23cm max)\u00a0<\/span>en ingecheckte bagage (1 stuk - tot 23kg) en andere opties toegestaan tegen betaling van 50\u20ac (verandering van datum, enz.).\u00a0<em style=\"color: #000000;\"><a style=\"color: #333333;\" href=\"https:\/\/www.air.bg\/en\/\">Klik hier om een vlucht te boeken.<\/a>\u00a0<\/em>Vanaf de Sofi Airport Terminal 2 kun je het centrum gemakkelijk bereiken per taxi of met de metro direct vanaf de terminal.\u00a0<\/span><\/p>\n<p><span style=\"color: #333333;\">Er zijn ook goedkope luchtvaartmaatschappijen - <strong>Wizzair, Ryanair en Easyjet.<\/strong> die Sofia en andere Bulgaarse steden bereiken (voornamelijk Plovidv en Varna).\u00a0<span lang=\"en\">Deze drie andere luchtvaartmaatschappijen verbinden dezelfde steden en andere kleinere steden van waaruit \u201cnormale\u201d luchtvaartmaatschappijen geen vluchten uitvoeren. De kosten voor een retourvlucht tussen <strong>30 en 200<\/strong> afhankelijk van het seizoen. Over het algemeen zijn juli, augustus en december de duurste maanden (200\u20ac). Je kunt vluchten naar Bulgarije vinden van september tot juni voor maar 30\u20ac.\u00a0<\/span><\/span><\/p>\n<p><span style=\"color: #333333;\"><strong>Vanuit Frankrijk<\/strong>, Je kunt een goedkoop ticket nemen met\u00a0<em>Wizzair\u00a0<\/em>van\u00a0<strong>Parijs-Beauvais<\/strong> luchthaven (87 km van Parijs) en\u00a0<strong>Mulhouse<\/strong> bijvoorbeeld. Er zijn drie rechtstreekse vluchten per week, die 2u50 duren. Voor mensen die in het noorden van Frankrijk wonen (Lille, Douai, Lens, Valenciennes, enz.), kan het interessanter zijn om een vlucht met Wizzair te boeken vanaf <strong>Brussel-Charleroi<\/strong> luchthaven in plaats van vanaf de luchthaven Parijs-Beauvais. Vanuit Rh\u00f4ne-Alpes kun je, in plaats van te vliegen vanaf Lyon met bijvoorbeeld Air France, Alitalia of Lufthansa, met een overstappunt in hun hub, misschien beter vliegen vanaf het vliegveld van Gen\u00e8ve met Wizzair. Er zijn drie vluchten per week (niet elke dag), maar het is dichterbij en de prijzen kunnen erg aantrekkelijk zijn. Voor parkeren op de luchthaven van Brussel-Charleroi heb ik een goed adres, veilig en goedkoop. Ik boekte deze plek toen ik veel tussen Lille en Sofia reisde. Bijvoorbeeld, 8 parkeerdagen = 48 euro &gt;&gt; <a style=\"color: #333333;\" href=\"http:\/\/www.parkingroger.be\">klik op\u00a0<em>hier<\/em><\/a>.<\/span><\/p>\n<p><span lang=\"en\" style=\"color: #333333;\">De meeste vluchten naar <strong>Luchthaven Varna<\/strong> op de Zwarte Zee zullen stoppen in Sofia, behalve tijdens het zomerseizoen wanneer het mogelijk is om chartervluchten of seizoensvluchten te vinden. Je kunt dezelfde maatschappijen raadplegen om een vlucht te vinden. Start <strong>Oktober 2017<\/strong>, <a style=\"color: #333333;\" href=\"https:\/\/www.ryanair.com\/gb\/en\/\"><strong>Ryanair<\/strong><\/a> zal rechtstreekse vluchten aanbieden van Charleroi naar Varna (nonstop naar Sofia).\u00a0<\/span><\/p>\n<h4 class=\"tw-data-text vk_txt tw-ta tw-text-medium\" dir=\"ltr\" style=\"text-align: justify;\" data-placeholder=\"Traduction\"><span style=\"color: #fc5d5d;\">Uit Rusland :<\/span><\/h4>\n<p><span style=\"color: #333333;\">Bulgaria Air verbindt Moskou met de luchthaven van Sofia (met rechtstreekse vluchten) en met de luchthaven van Varna, met een tussenstop van 1 uur op de luchthaven van Sofia. Vanaf Sint Petersburg zijn Turkish Airlines, Air Serbia, Austrian, Aeroflot en Lot Polish Airlines de belangrijkste luchtvaartmaatschappijen die naar Bulgarije vliegen, <strong>alleen met stop.<\/strong><\/span><\/p>\n<h4 style=\"text-align: justify;\"><span style=\"color: #fc5d5d;\">Uit Verenigde Staten :<\/span><\/h4>\n<p><span style=\"color: #333333;\">De vluchten zijn (nog!) niet rechtstreeks. Vanaf New York City vliegen Bulgaria Air, Air France KLM, Brussels Airlines, Air Berlin en Aeroflot naar Bulgarije (Sofia). Vanuit andere steden in de VS vliegen United, Lufthansa, Turkish Airlines, KLM, Alitalia en Austrian naar Bulgarije.<\/span><\/p>\n<h4 style=\"text-align: justify;\"><span style=\"color: #fc5d5d;\">Uit Canada :<\/span><\/h4>\n<p><span style=\"color: #333333;\">Vanaf Montreal, Qu\u00e9bec of Vancouver zijn Air Canada en Lufthansa de beste luchtvaartmaatschappijen om naar Bulgarije te gaan (1\/2 stops).<\/span><\/p>\n<h4 style=\"text-align: justify;\"><span style=\"color: #fc5d5d;\">Uit Australi\u00eb :<\/span><\/h4>\n<p><span style=\"color: #333333;\">Vanuit Melbourne of Sydney vliegen KLM, Lufthansa en Jet naar Bulgarije (1\/2 tussenstop).<\/span><\/p>\n<p>&nbsp;<\/p>\n<h3 style=\"text-align: justify;\"><span style=\"color: #fc5d5d;\">Met de auto naar Bulgarije\u00a0<\/span><\/h3>\n<p><span style=\"color: #333333;\">Natuurlijk is de reis met de auto langer dan met het vliegtuig (slechts 30 uur... vanuit Frankrijk bijvoorbeeld), maar het is nog altijd beter dan helemaal niet naar Bulgarije komen! Wij hebben 2 jaar geleden een autoreis gemaakt, in de zomer. Hoewel het een lange reis was, heb ik onderweg veel mooie plekken ontdekt en veel andere interessante landen dan Frankrijk doorkruist (Duitsland, Oostenrijk, Servi\u00eb, Sloveni\u00eb en Kroati\u00eb).\u00a0<\/span><\/p>\n<p><span style=\"color: #333333;\">Afhankelijk van waar je vertrekt, kan het erg duur zijn (bijv. van Parijs naar Sofia, snelweg &gt;&gt; 2270km + benzine\/diesel = 500\u20ac). Het kan een zeer interessante reis zijn als je de tijd hebt om 2 dagen onderweg te zijn en de motivatie hebt. Het is ook belangrijk om een comfortabele auto met airco te hebben (vooral in de zomer als je lang in de rij bij de grens moet wachten).\u00a0<\/span><\/p>\n<p><span style=\"color: #333333;\">Om je reis met de auto te organiseren, ga je naar\u00a0<strong><a style=\"color: #333333;\" href=\"http:\/\/www.viamichelin.fr\">www.viamichelin.fr<\/a><\/strong><\/span><\/p>\n<p><span lang=\"en\" style=\"color: #333333;\">Waarschuwing: Als je gebruik wilt maken van de Oostenrijkse, Sloveense en Hongaarse snelwegen, moet je een sticker kopen om op de voorruit van je auto te plakken. Je kunt deze kopen bij de grens of bij een benzinestation.<\/span><\/p>\n<p>&nbsp;<\/p>\n<h3><span style=\"color: #fc5d5d;\">Met de bus\/trein naar Bulgarije\u00a0<\/span><\/h3>\n<p><span style=\"color: #333333;\">Met de bus kost een retourvlucht vanuit een Europees land ongeveer <strong>150-200\u20ac<\/strong> met <strong><span style=\"text-decoration: underline;\"><a style=\"color: #333333; text-decoration: underline;\" href=\"http:\/\/www.eurolines.fr\/en\/\">Eurolines busmaatschappij<\/a><\/span><\/strong><strong>.<\/strong>\u00a0Er zijn twee vertrekken per week. <\/span><\/p>\n<p><span style=\"color: #333333;\">Vanuit Frankrijk (Parijs) is het op maandag en vrijdag om 8:00 uur en je komt een dag later om 21:00 uur aan (Bulgaarse lokale tijd - +1 uur). De reis duurt dus naar schatting 37 uur. De bus rijdt door Duitsland, Oostenrijk, Sloveni\u00eb, Hongarije en Servi\u00eb. <\/span><span style=\"color: #333333;\">Met de auto is het ongeveer dezelfde weg. Enkele vertrekpunten vanuit de provincie: Reims, Metz en Straatsburg.<\/span><\/p>\n<p><span style=\"color: #333333;\">Met de trein kun je vanuit sommige Europese hoofdsteden treinen naar Sofia vinden (<a style=\"color: #333333;\" href=\"http:\/\/www.seat61.fr\/Paris-Sofia-Bulgarie-en-train.htm\"><em>Bekijk deze link in het frans om van Parijs naar Sofia te reizen<\/em><\/a>). Vanuit Frankrijk is het naar schatting 35 uur reizen. Het is geen rechtstreekse route en je moet twee keer overstappen in Frankfurt en Wenen. In Bulgarije kun je tijdens je reis gebruik blijven maken van de trein met de <strong>SNCF<\/strong> bedrijf en zijn <strong>2 interrail pas <\/strong>: <span style=\"text-decoration: underline;\"><a style=\"text-decoration: underline; color: #333333;\" href=\"http:\/\/www.interrail.eu\"><em>E\u00e9n landpas<\/em><\/a><\/span> of <span style=\"text-decoration: underline;\"><a style=\"color: #333333; text-decoration: underline;\" href=\"http:\/\/www.interrail.eu\"><em>Wereldpas<\/em><\/a><em style=\"color: #fc5d5d; text-decoration: underline;\"><a style=\"color: #333333; text-decoration: underline;\" href=\"http:\/\/www.interrail.eu\">.<\/a>\u00a0<\/em><\/span>Om je reis per trein te organiseren, ga je naar\u00a0<em><span style=\"text-decoration: underline;\"><a style=\"color: #333333; text-decoration: underline;\" href=\"http:\/\/www.voyages-sncf.com\">www.voyages-sncf.<\/a>com.<\/span><\/em><\/span><\/p>\n<p>&nbsp;<\/p>\n<p>&nbsp;<\/p>\n<p>&nbsp;<\/p>","protected":false},"excerpt":{"rendered":"<p>There are two main ways to come in Bulgaria : by plane or by road. You\u00a0don&#8217;t like flying or driving and you want to try another way to come ?\u00a0You can\u00a0also come by bus or train. Let us tell you more about each of them.\u00a0 &nbsp; Travelling to Bulgaria by plane Flying is definitely the&hellip;<\/p>","protected":false},"author":1,"featured_media":7673,"parent":117,"menu_order":1,"comment_status":"closed","ping_status":"closed","template":"page-default.php","meta":{"footnotes":""},"class_list":["post-258","page","type-page","status-publish","has-post-thumbnail","hentry"],"yoast_head":"<!-- This site is optimized with the Yoast SEO plugin v27.1.1 - https:\/\/yoast.com\/product\/yoast-seo-wordpress\/ -->\n<title>Coming to Bulgaria &#8211; Madame Bulgaria<\/title>\n<meta name=\"robots\" content=\"index, follow, max-snippet:-1, max-image-preview:large, max-video-preview:-1\" \/>\n<link rel=\"canonical\" href=\"https:\/\/madamebulgaria.com\/nl\/nuttige-info\/reizen-naar-bulgarije\/\" \/>\n<meta property=\"og:locale\" content=\"nl_NL\" \/>\n<meta property=\"og:type\" content=\"article\" \/>\n<meta property=\"og:title\" content=\"Coming to Bulgaria &#8211; Madame Bulgaria\" \/>\n<meta property=\"og:description\" content=\"There are two main ways to come in Bulgaria : by plane or by road. You\u00a0don&#8217;t like flying or driving and you want to try another way to come ?\u00a0You can\u00a0also come by bus or train. Let us tell you more about each of them.\u00a0 &nbsp; Travelling to Bulgaria by plane Flying is definitely the&hellip;\" \/>\n<meta property=\"og:url\" content=\"https:\/\/madamebulgaria.com\/nl\/nuttige-info\/reizen-naar-bulgarije\/\" \/>\n<meta property=\"og:site_name\" content=\"Madame Bulgaria\" \/>\n<meta property=\"article:publisher\" content=\"https:\/\/www.facebook.com\/madamebulgaria\/?fref=ts\" \/>\n<meta property=\"article:modified_time\" content=\"2017-05-24T10:44:12+00:00\" \/>\n<meta property=\"og:image\" content=\"https:\/\/madamebulgaria.com\/wp-content\/uploads\/2016\/05\/matthew-smith-5934-1024x683.jpg\" \/>\n\t<meta property=\"og:image:width\" content=\"1024\" \/>\n\t<meta property=\"og:image:height\" content=\"683\" \/>\n\t<meta property=\"og:image:type\" content=\"image\/jpeg\" \/>\n<meta name=\"twitter:card\" content=\"summary_large_image\" \/>\n<meta name=\"twitter:site\" content=\"@madamebulgaria\" \/>\n<meta name=\"twitter:label1\" content=\"Geschatte leestijd\" \/>\n\t<meta name=\"twitter:data1\" content=\"6 minuten\" \/>\n<script type=\"application\/ld+json\" class=\"yoast-schema-graph\">{\"@context\":\"https:\/\/schema.org\",\"@graph\":[{\"@type\":\"WebPage\",\"@id\":\"https:\/\/madamebulgaria.com\/useful-info\/travel-to-bulgaria\/\",\"url\":\"https:\/\/madamebulgaria.com\/useful-info\/travel-to-bulgaria\/\",\"name\":\"Coming to Bulgaria &#8211; Madame Bulgaria\",\"isPartOf\":{\"@id\":\"https:\/\/madamebulgaria.com\/#website\"},\"primaryImageOfPage\":{\"@id\":\"https:\/\/madamebulgaria.com\/useful-info\/travel-to-bulgaria\/#primaryimage\"},\"image\":{\"@id\":\"https:\/\/madamebulgaria.com\/useful-info\/travel-to-bulgaria\/#primaryimage\"},\"thumbnailUrl\":\"https:\/\/madamebulgaria.com\/wp-content\/uploads\/2016\/05\/matthew-smith-5934.jpg\",\"datePublished\":\"2016-05-25T17:54:01+00:00\",\"dateModified\":\"2017-05-24T10:44:12+00:00\",\"breadcrumb\":{\"@id\":\"https:\/\/madamebulgaria.com\/useful-info\/travel-to-bulgaria\/#breadcrumb\"},\"inLanguage\":\"nl-NL\",\"potentialAction\":[{\"@type\":\"ReadAction\",\"target\":[\"https:\/\/madamebulgaria.com\/useful-info\/travel-to-bulgaria\/\"]}]},{\"@type\":\"ImageObject\",\"inLanguage\":\"nl-NL\",\"@id\":\"https:\/\/madamebulgaria.com\/useful-info\/travel-to-bulgaria\/#primaryimage\",\"url\":\"https:\/\/madamebulgaria.com\/wp-content\/uploads\/2016\/05\/matthew-smith-5934.jpg\",\"contentUrl\":\"https:\/\/madamebulgaria.com\/wp-content\/uploads\/2016\/05\/matthew-smith-5934.jpg\",\"width\":2280,\"height\":1520,\"caption\":\"Travel to Bulgaria\"},{\"@type\":\"BreadcrumbList\",\"@id\":\"https:\/\/madamebulgaria.com\/useful-info\/travel-to-bulgaria\/#breadcrumb\",\"itemListElement\":[{\"@type\":\"ListItem\",\"position\":1,\"name\":\"Accueil\",\"item\":\"https:\/\/madamebulgaria.com\/\"},{\"@type\":\"ListItem\",\"position\":2,\"name\":\"Useful Info\",\"item\":\"https:\/\/madamebulgaria.com\/useful-info\/\"},{\"@type\":\"ListItem\",\"position\":3,\"name\":\"Coming to Bulgaria\"}]},{\"@type\":\"WebSite\",\"@id\":\"https:\/\/madamebulgaria.com\/#website\",\"url\":\"https:\/\/madamebulgaria.com\/\",\"name\":\"Madame Bulgaria\",\"description\":\"Lifestyle, Culture, Food, More of Bulgaria\",\"publisher\":{\"@id\":\"https:\/\/madamebulgaria.com\/#organization\"},\"potentialAction\":[{\"@type\":\"SearchAction\",\"target\":{\"@type\":\"EntryPoint\",\"urlTemplate\":\"https:\/\/madamebulgaria.com\/?s={search_term_string}\"},\"query-input\":{\"@type\":\"PropertyValueSpecification\",\"valueRequired\":true,\"valueName\":\"search_term_string\"}}],\"inLanguage\":\"nl-NL\"},{\"@type\":\"Organization\",\"@id\":\"https:\/\/madamebulgaria.com\/#organization\",\"name\":\"Madame Bulgaria\",\"url\":\"https:\/\/madamebulgaria.com\/\",\"logo\":{\"@type\":\"ImageObject\",\"inLanguage\":\"nl-NL\",\"@id\":\"https:\/\/madamebulgaria.com\/#\/schema\/logo\/image\/\",\"url\":\"https:\/\/madamebulgaria.com\/wp-content\/uploads\/2017\/03\/MB-logo-final-2-3-e1513170700381-1.png\",\"contentUrl\":\"https:\/\/madamebulgaria.com\/wp-content\/uploads\/2017\/03\/MB-logo-final-2-3-e1513170700381-1.png\",\"width\":800,\"height\":500,\"caption\":\"Madame Bulgaria\"},\"image\":{\"@id\":\"https:\/\/madamebulgaria.com\/#\/schema\/logo\/image\/\"},\"sameAs\":[\"https:\/\/www.facebook.com\/madamebulgaria\/?fref=ts\",\"https:\/\/x.com\/madamebulgaria\",\"https:\/\/www.instagram.com\/madamebulgaria\/?hl=fr\",\"https:\/\/www.linkedin.com\/company\/madame-bulgaria\/\",\"https:\/\/www.youtube.com\/channel\/UCi6lmnQoBJkA-eJ4ijysIog\"]}]}<\/script>\n<!-- \/ Yoast SEO plugin. -->","yoast_head_json":{"title":"Naar Bulgarije komen - Madame Bulgaria","robots":{"index":"index","follow":"follow","max-snippet":"max-snippet:-1","max-image-preview":"max-image-preview:large","max-video-preview":"max-video-preview:-1"},"canonical":"https:\/\/madamebulgaria.com\/nl\/nuttige-info\/reizen-naar-bulgarije\/","og_locale":"nl_NL","og_type":"article","og_title":"Coming to Bulgaria &#8211; Madame Bulgaria","og_description":"There are two main ways to come in Bulgaria : by plane or by road. You\u00a0don&#8217;t like flying or driving and you want to try another way to come ?\u00a0You can\u00a0also come by bus or train. Let us tell you more about each of them.\u00a0 &nbsp; Travelling to Bulgaria by plane Flying is definitely the&hellip;","og_url":"https:\/\/madamebulgaria.com\/nl\/nuttige-info\/reizen-naar-bulgarije\/","og_site_name":"Madame Bulgaria","article_publisher":"https:\/\/www.facebook.com\/madamebulgaria\/?fref=ts","article_modified_time":"2017-05-24T10:44:12+00:00","og_image":[{"width":1024,"height":683,"url":"https:\/\/madamebulgaria.com\/wp-content\/uploads\/2016\/05\/matthew-smith-5934-1024x683.jpg","type":"image\/jpeg"}],"twitter_card":"summary_large_image","twitter_site":"@madamebulgaria","twitter_misc":{"Geschatte leestijd":"6 minuten"},"schema":{"@context":"https:\/\/schema.org","@graph":[{"@type":"WebPage","@id":"https:\/\/madamebulgaria.com\/useful-info\/travel-to-bulgaria\/","url":"https:\/\/madamebulgaria.com\/useful-info\/travel-to-bulgaria\/","name":"Naar Bulgarije komen - Madame Bulgaria","isPartOf":{"@id":"https:\/\/madamebulgaria.com\/#website"},"primaryImageOfPage":{"@id":"https:\/\/madamebulgaria.com\/useful-info\/travel-to-bulgaria\/#primaryimage"},"image":{"@id":"https:\/\/madamebulgaria.com\/useful-info\/travel-to-bulgaria\/#primaryimage"},"thumbnailUrl":"https:\/\/madamebulgaria.com\/wp-content\/uploads\/2016\/05\/matthew-smith-5934.jpg","datePublished":"2016-05-25T17:54:01+00:00","dateModified":"2017-05-24T10:44:12+00:00","breadcrumb":{"@id":"https:\/\/madamebulgaria.com\/useful-info\/travel-to-bulgaria\/#breadcrumb"},"inLanguage":"nl-NL","potentialAction":[{"@type":"ReadAction","target":["https:\/\/madamebulgaria.com\/useful-info\/travel-to-bulgaria\/"]}]},{"@type":"ImageObject","inLanguage":"nl-NL","@id":"https:\/\/madamebulgaria.com\/useful-info\/travel-to-bulgaria\/#primaryimage","url":"https:\/\/madamebulgaria.com\/wp-content\/uploads\/2016\/05\/matthew-smith-5934.jpg","contentUrl":"https:\/\/madamebulgaria.com\/wp-content\/uploads\/2016\/05\/matthew-smith-5934.jpg","width":2280,"height":1520,"caption":"Travel to Bulgaria"},{"@type":"BreadcrumbList","@id":"https:\/\/madamebulgaria.com\/useful-info\/travel-to-bulgaria\/#breadcrumb","itemListElement":[{"@type":"ListItem","position":1,"name":"Accueil","item":"https:\/\/madamebulgaria.com\/"},{"@type":"ListItem","position":2,"name":"Useful Info","item":"https:\/\/madamebulgaria.com\/useful-info\/"},{"@type":"ListItem","position":3,"name":"Coming to Bulgaria"}]},{"@type":"WebSite","@id":"https:\/\/madamebulgaria.com\/#website","url":"https:\/\/madamebulgaria.com\/","name":"Mevrouw Bulgarije","description":"Lifestyle, Cultuur, Eten, Meer van Bulgarije","publisher":{"@id":"https:\/\/madamebulgaria.com\/#organization"},"potentialAction":[{"@type":"SearchAction","target":{"@type":"EntryPoint","urlTemplate":"https:\/\/madamebulgaria.com\/?s={search_term_string}"},"query-input":{"@type":"PropertyValueSpecification","valueRequired":true,"valueName":"search_term_string"}}],"inLanguage":"nl-NL"},{"@type":"Organization","@id":"https:\/\/madamebulgaria.com\/#organization","name":"Mevrouw Bulgarije","url":"https:\/\/madamebulgaria.com\/","logo":{"@type":"ImageObject","inLanguage":"nl-NL","@id":"https:\/\/madamebulgaria.com\/#\/schema\/logo\/image\/","url":"https:\/\/madamebulgaria.com\/wp-content\/uploads\/2017\/03\/MB-logo-final-2-3-e1513170700381-1.png","contentUrl":"https:\/\/madamebulgaria.com\/wp-content\/uploads\/2017\/03\/MB-logo-final-2-3-e1513170700381-1.png","width":800,"height":500,"caption":"Madame Bulgaria"},"image":{"@id":"https:\/\/madamebulgaria.com\/#\/schema\/logo\/image\/"},"sameAs":["https:\/\/www.facebook.com\/madamebulgaria\/?fref=ts","https:\/\/x.com\/madamebulgaria","https:\/\/www.instagram.com\/madamebulgaria\/?hl=fr","https:\/\/www.linkedin.com\/company\/madame-bulgaria\/","https:\/\/www.youtube.com\/channel\/UCi6lmnQoBJkA-eJ4ijysIog"]}]}},"_links":{"self":[{"href":"https:\/\/madamebulgaria.com\/nl\/wp-json\/wp\/v2\/pages\/258","targetHints":{"allow":["GET"]}}],"collection":[{"href":"https:\/\/madamebulgaria.com\/nl\/wp-json\/wp\/v2\/pages"}],"about":[{"href":"https:\/\/madamebulgaria.com\/nl\/wp-json\/wp\/v2\/types\/page"}],"author":[{"embeddable":true,"href":"https:\/\/madamebulgaria.com\/nl\/wp-json\/wp\/v2\/users\/1"}],"replies":[{"embeddable":true,"href":"https:\/\/madamebulgaria.com\/nl\/wp-json\/wp\/v2\/comments?post=258"}],"version-history":[{"count":0,"href":"https:\/\/madamebulgaria.com\/nl\/wp-json\/wp\/v2\/pages\/258\/revisions"}],"up":[{"embeddable":true,"href":"https:\/\/madamebulgaria.com\/nl\/wp-json\/wp\/v2\/pages\/117"}],"wp:featuredmedia":[{"embeddable":true,"href":"https:\/\/madamebulgaria.com\/nl\/wp-json\/wp\/v2\/media\/7673"}],"wp:attachment":[{"href":"https:\/\/madamebulgaria.com\/nl\/wp-json\/wp\/v2\/media?parent=258"}],"curies":[{"name":"wp","href":"https:\/\/api.w.org\/{rel}","templated":true}]}}